{"id":11913,"date":"2025-03-04T15:37:21","date_gmt":"2025-03-04T21:37:21","guid":{"rendered":"https:\/\/portal.segeplan.gob.gt\/segeplan\/?page_id=11913"},"modified":"2025-08-14T10:12:33","modified_gmt":"2025-08-14T16:12:33","slug":"actas","status":"publish","type":"page","link":"https:\/\/portal.segeplan.gob.gt\/segeplan\/?page_id=11913","title":{"rendered":"Actas"},"content":{"rendered":"<p><div class=\"fusion-fullwidth fullwidth-box fusion-builder-row-1 fusion-flex-container hundred-percent-fullwidth non-hundred-percent-height-scrolling\" style=\"background-color: #045184;background-position: center center;background-repeat: no-repeat;border-width: 0px 0px 0px 0px;border-color:#e2e2e2;border-style:solid;\" ><div class=\"fusion-builder-row fusion-row fusion-flex-align-items-flex-start\" style=\"width:104% !important;max-width:104% !important;margin-left: calc(-4% \/ 2 );margin-right: calc(-4% \/ 2 );\"><div class=\"fusion-layout-column fusion_builder_column fusion-builder-column-0 fusion_builder_column_1_1 1_1 fusion-flex-column\"><div class=\"fusion-column-wrapper fusion-flex-justify-content-flex-start fusion-content-layout-column\" style=\"background-position:left top;background-repeat:no-repeat;-webkit-background-size:cover;-moz-background-size:cover;-o-background-size:cover;background-size:cover;padding: 0px 0px 0px 0px;\"><style type=\"text\/css\">@media only screen and (max-width:1024px) {.fusion-title.fusion-title-1{margin-top:8%!important; margin-right:0px!important;margin-bottom:8%!important;margin-left:0px!important;}}@media only screen and (max-width:640px) {.fusion-title.fusion-title-1{margin-top:10px!important; margin-right:0px!important;margin-bottom:10px!important; margin-left:0px!important;}}<\/style><div class=\"fusion-title title fusion-title-1 fusion-sep-none fusion-title-center fusion-title-text fusion-title-size-two\" style=\"font-size:50px;margin-top:8%;margin-right:0px;margin-bottom:8%;margin-left:0px;\"><h2 class=\"title-heading-center fusion-responsive-typography-calculated\" style=\"margin:0;font-size:1em;color:#ffffff;--fontSize:50;line-height:1.2;\"><p class=\"title-heading-center fusion-responsive-typography-calculated\">\u00a0Mesa Te\u0301cnica de Atencio\u0301n y Viabilizacio\u0301n\u00a0\u00a0de\u00a0Proyectos<\/p><\/h2><\/div><\/div><style type=\"text\/css\">.fusion-body .fusion-builder-column-0{width:100% !important;margin-top : 0px;margin-bottom : 20px;}.fusion-builder-column-0 > .fusion-column-wrapper {padding-top : 0px !important;padding-right : 0px !important;margin-right : 1.92%;padding-bottom : 0px !important;padding-left : 0px !important;margin-left : 1.92%;}@media only screen and (max-width:1024px) {.fusion-body .fusion-builder-column-0{width:100% !important;order : 0;}.fusion-builder-column-0 > .fusion-column-wrapper {margin-right : 1.92%;margin-left : 1.92%;}}@media only screen and (max-width:640px) {.fusion-body .fusion-builder-column-0{width:100% !important;order : 0;}.fusion-builder-column-0 > .fusion-column-wrapper {margin-right : 1.92%;margin-left : 1.92%;}}<\/style><\/div><\/div><style type=\"text\/css\">.fusion-body .fusion-flex-container.fusion-builder-row-1{ padding-top : 0px;margin-top : 0px;padding-right : 0px;padding-bottom : 0px;margin-bottom : 0px;padding-left : 0px;}<\/style><\/div><div class=\"fusion-fullwidth fullwidth-box fusion-builder-row-2 fusion-flex-container hundred-percent-fullwidth non-hundred-percent-height-scrolling\" style=\"background-color: rgba(255,255,255,0);background-position: center center;background-repeat: no-repeat;border-width: 0px 0px 0px 0px;border-color:#e2e2e2;border-style:solid;\" ><div class=\"fusion-builder-row fusion-row fusion-flex-align-items-flex-start\" style=\"width:104% !important;max-width:104% !important;margin-left: calc(-4% \/ 2 );margin-right: calc(-4% \/ 2 );\"><div class=\"fusion-layout-column fusion_builder_column fusion-builder-column-1 fusion_builder_column_1_2 1_2 fusion-flex-column\"><div class=\"fusion-column-wrapper fusion-flex-justify-content-flex-start fusion-content-layout-block\" style=\"background-position:left top;background-repeat:no-repeat;-webkit-background-size:cover;-moz-background-size:cover;-o-background-size:cover;background-size:cover;padding: 0px 0px 0px 0px;\"><style type=\"text\/css\">#accordion-11913-1 .fusion-panel:hover, #accordion-11913-1 .fusion-panel.hover{ background-color: #f9f9fb } #accordion-11913-1 .fusion-panel { border-color:#e2e2e2; border-width:1px; background-color:#ffffff; }.fusion-accordian  #accordion-11913-1 .panel-title a .fa-fusion-box{ color: #009fe3;}.fusion-accordian  #accordion-11913-1 .panel-title a .fa-fusion-box:before{ font-size: 16px; width: 16px;}.fusion-accordian  #accordion-11913-1.fusion-toggle-icon-right .fusion-toggle-heading{ margin-right: 34px;}.fusion-accordian  #accordion-11913-1 .panel-title a{font-size:28px;}.fusion-accordian  #accordion-11913-1 .panel-title a:hover, #accordion-11913-1 .fusion-toggle-boxed-mode:hover .panel-title a { color: #009fe3;}.fusion-accordian  #accordion-11913-1 .fusion-toggle-boxed-mode:hover .panel-title a .fa-fusion-box{ color: #009fe3;}.fusion-accordian  #accordion-11913-1.fusion-toggle-icon-unboxed .fusion-panel .panel-title a:hover .fa-fusion-box{ color: #009fe3 !important;}<\/style><div class=\"accordian fusion-accordian\"><div class=\"panel-group fusion-toggle-icon-right fusion-toggle-icon-unboxed\" id=\"accordion-11913-1\"><div class=\"fusion-panel panel-default fusion-toggle-no-divider fusion-toggle-boxed-mode\"><div class=\"panel-heading\"><h4 class=\"panel-title toggle\"><a aria-expanded=\"false\" aria-controls=\"bf16b7c34a17549b9\" role=\"button\" data-toggle=\"collapse\" data-parent=\"#accordion-11913-1\" data-target=\"#bf16b7c34a17549b9\" href=\"#bf16b7c34a17549b9\"><span class=\"fusion-toggle-icon-wrapper\" aria-hidden=\"true\"><i class=\"fa-fusion-box\" aria-hidden=\"true\"><\/i><\/span><span class=\"fusion-toggle-heading\">Actas<\/span><\/a><\/h4><\/div><div id=\"bf16b7c34a17549b9\" class=\"panel-collapse collapse \"><div class=\"panel-body toggle-content fusion-clearfix\">\n<ul>\n<li>Acta No. 1-2025 <a href=\"https:\/\/portal.segeplan.gob.gt\/segeplan\/wp-content\/uploads\/2025\/02\/ACTAS_001.pdf\">Descargar<\/a><\/li>\n<li>Acta No. 2-2025 <a href=\"https:\/\/portal.segeplan.gob.gt\/segeplan\/wp-content\/uploads\/2025\/03\/Acta-No.-2-2025.pdf\">Descargar<\/a><\/li>\n<li>Acta No. 3-2025 <a href=\"https:\/\/portal.segeplan.gob.gt\/segeplan\/wp-content\/uploads\/2025\/03\/ACTA-No.-3-2025.pdf\">Descargar<\/a><\/li>\n<li>Acta No. 4-2025 <a href=\"https:\/\/portal.segeplan.gob.gt\/segeplan\/wp-content\/uploads\/2025\/03\/Acta-No.-4-2025.pdf\">Descargar<\/a><\/li>\n<li>Acta No. 5-2025 <a href=\"https:\/\/portal.segeplan.gob.gt\/segeplan\/wp-content\/uploads\/2025\/03\/Acta-No.-05-2025.pdf\">Descargar<\/a><\/li>\n<li>Acta No. 6-2025 <a href=\"https:\/\/portal.segeplan.gob.gt\/segeplan\/wp-content\/uploads\/2025\/03\/Acta-No.-06-2025.pdf\">Descargar<\/a><\/li>\n<li>Acta No. 7-2025 <a href=\"https:\/\/portal.segeplan.gob.gt\/segeplan\/wp-content\/uploads\/2025\/03\/Acta-No.-07-2025.pdf\">Descargar<\/a><\/li>\n<li>Acta No. 8-2025 <a href=\"https:\/\/portal.segeplan.gob.gt\/segeplan\/wp-content\/uploads\/2025\/03\/ACTA-No.-8-2025.pdf\">Descargar<\/a><\/li>\n<li>Acta No. 9-2025 <a href=\"https:\/\/portal.segeplan.gob.gt\/segeplan\/wp-content\/uploads\/2025\/03\/ACTA-No.-9-2025.pdf\">Descargar<\/a><\/li>\n<li>Acta No. 10-2025 <a href=\"https:\/\/portal.segeplan.gob.gt\/segeplan\/wp-content\/uploads\/2025\/03\/ACTA-No.-10-2025.pdf\">Descargar<\/a><\/li>\n<li>Acta No. 11-2025 <a href=\"https:\/\/portal.segeplan.gob.gt\/segeplan\/wp-content\/uploads\/2025\/04\/Acta-No.-11-2025.pdf\">Descargar<\/a><\/li>\n<li>Acta No. 12-2025 <a href=\"https:\/\/portal.segeplan.gob.gt\/segeplan\/wp-content\/uploads\/2025\/04\/Acta-No.-12-2025.pdf\">Descargar<\/a><\/li>\n<li>Acta No. 13-2025 <a href=\"https:\/\/portal.segeplan.gob.gt\/segeplan\/wp-content\/uploads\/2025\/04\/Acta-No.-13-2025.pdf\">Descargar<\/a><\/li>\n<li>Acta No. 14-2025 <a href=\"https:\/\/portal.segeplan.gob.gt\/segeplan\/wp-content\/uploads\/2025\/04\/Acta-No.-14-2025.pdf\">Descargar<\/a><\/li>\n<li>Acta No. 15-2025 <a href=\"https:\/\/portal.segeplan.gob.gt\/segeplan\/wp-content\/uploads\/2025\/04\/Acta-No.-15-2025.pdf\">Descargar<\/a><\/li>\n<li>Acta No. 16-2025 <a href=\"https:\/\/portal.segeplan.gob.gt\/segeplan\/wp-content\/uploads\/2025\/05\/Acta-No.-16-2025.pdf\">Descargar<\/a><\/li>\n<li>Acta No. 17-2025 <a href=\"https:\/\/portal.segeplan.gob.gt\/segeplan\/wp-content\/uploads\/2025\/05\/Acta-No.-17-2025.pdf\">Descargar<\/a><\/li>\n<li>Acta No. 18-2025 <a href=\"https:\/\/portal.segeplan.gob.gt\/segeplan\/wp-content\/uploads\/2025\/05\/Acta-No.-18-2025.pdf\">Descargar<\/a><\/li>\n<li>Acta No. 19-2025 <a href=\"https:\/\/portal.segeplan.gob.gt\/segeplan\/wp-content\/uploads\/2025\/05\/Acta-No.-19-2025.pdf\">Descargar<\/a><\/li>\n<li>Acta N\u00famero 05-2025 Reuni\u00f3n Ordinaria Comisi\u00f3n T\u00e9cnica de Finanzas P\u00fablicas P\u00fablicas (CTFP) <a href=\"#\">descargar<\/a><\/li>\n<li>ANEXOS Acta N\u00famero 05-2025 Reuni\u00f3n Ordinaria Comisi\u00f3n T\u00e9cnica de Finanzas P\u00fablicas P\u00fablicas (CTFP) <a href=\"#\">descargar<\/a><\/li>\n<li>Acta No. 20-2025 <a href=\"https:\/\/portal.segeplan.gob.gt\/segeplan\/wp-content\/uploads\/2025\/06\/Acta-No.-20-2025.pdf\">Descargar<\/a><\/li>\n<li>Acta No. 21-2025 <a href=\"https:\/\/portal.segeplan.gob.gt\/segeplan\/wp-content\/uploads\/2025\/06\/Acta-No.-21-2025.pdf\">Descargar<\/a><\/li>\n<li>Acta No. 24-2025 <a href=\"https:\/\/portal.segeplan.gob.gt\/segeplan\/wp-content\/uploads\/2025\/07\/Acta-No.-24-2025.pdf\">Descargar<\/a><\/li>\n<\/ul>\n<p>Informes <a href=\"https:\/\/portal.segeplan.gob.gt\/segeplan\/wp-content\/uploads\/2025\/03\/INFORME.pdf\">Descargar<\/a><\/p>\n<\/div><\/div><\/div><div class=\"fusion-panel panel-default fusion-toggle-no-divider fusion-toggle-boxed-mode\"><div class=\"panel-heading\"><h4 class=\"panel-title toggle\"><a aria-expanded=\"false\" aria-controls=\"39b248b7206ac4b73\" role=\"button\" data-toggle=\"collapse\" data-parent=\"#accordion-11913-1\" data-target=\"#39b248b7206ac4b73\" href=\"#39b248b7206ac4b73\"><span class=\"fusion-toggle-icon-wrapper\" aria-hidden=\"true\"><i class=\"fa-fusion-box\" aria-hidden=\"true\"><\/i><\/span><span class=\"fusion-toggle-heading\">Plan de Atenci\u00f3n y Viabilizar\u00edan de Proyectos<\/span><\/a><\/h4><\/div><div id=\"39b248b7206ac4b73\" class=\"panel-collapse collapse \"><div class=\"panel-body toggle-content fusion-clearfix\">\n<p>PLAN DE ATENCI\u00d3N Y VIABILIZACION DE PROYECTOS, ART\u00cdCULO 83 <a href=\"https:\/\/apps.snip.gt\/sinip\/iconos\/PLAN_DE_ATENCI\u00d3N_Y_VIABILIZACION_DE_PROYECTOS,_ART\u00cdCULO_83.pdf\">Descargar<\/a><\/p>\n<\/div><\/div><\/div><\/div><\/div><\/div><style type=\"text\/css\">.fusion-body .fusion-builder-column-1{width:50% !important;margin-top : 5%;margin-bottom : 20px;}.fusion-builder-column-1 > .fusion-column-wrapper {padding-top : 0px !important;padding-right : 0px !important;margin-right : 3.84%;padding-bottom : 0px !important;padding-left : 0px !important;margin-left : 3.84%;}@media only screen and (max-width:1024px) {.fusion-body .fusion-builder-column-1{width:100% !important;order : 0;}.fusion-builder-column-1 > .fusion-column-wrapper {margin-right : 1.92%;margin-left : 1.92%;}}@media only screen and (max-width:640px) {.fusion-body .fusion-builder-column-1{width:100% !important;order : 0;}.fusion-builder-column-1 > .fusion-column-wrapper {margin-right : 1.92%;margin-left : 1.92%;}}<\/style><\/div><div class=\"fusion-layout-column fusion_builder_column fusion-builder-column-2 fusion_builder_column_1_2 1_2 fusion-flex-column\"><div class=\"fusion-column-wrapper fusion-flex-justify-content-flex-start fusion-content-layout-block\" style=\"background-position:left top;background-repeat:no-repeat;-webkit-background-size:cover;-moz-background-size:cover;-o-background-size:cover;background-size:cover;padding: 0px 0px 0px 0px;\"><style type=\"text\/css\">#accordion-11913-2 .fusion-panel:hover, #accordion-11913-2 .fusion-panel.hover{ background-color: #f9f9fb } #accordion-11913-2 .fusion-panel { border-color:#e2e2e2; border-width:1px; background-color:#ffffff; }.fusion-accordian  #accordion-11913-2 .panel-title a .fa-fusion-box{ color: #009fe3;}.fusion-accordian  #accordion-11913-2 .panel-title a .fa-fusion-box:before{ font-size: 16px; width: 16px;}.fusion-accordian  #accordion-11913-2.fusion-toggle-icon-right .fusion-toggle-heading{ margin-right: 34px;}.fusion-accordian  #accordion-11913-2 .panel-title a{font-size:28px;}.fusion-accordian  #accordion-11913-2 .panel-title a:hover, #accordion-11913-2 .fusion-toggle-boxed-mode:hover .panel-title a { color: #009fe3;}.fusion-accordian  #accordion-11913-2 .fusion-toggle-boxed-mode:hover .panel-title a .fa-fusion-box{ color: #009fe3;}.fusion-accordian  #accordion-11913-2.fusion-toggle-icon-unboxed .fusion-panel .panel-title a:hover .fa-fusion-box{ color: #009fe3 !important;}<\/style><div class=\"accordian fusion-accordian\"><div class=\"panel-group fusion-toggle-icon-right fusion-toggle-icon-unboxed\" id=\"accordion-11913-2\"><div class=\"fusion-panel panel-default fusion-toggle-no-divider fusion-toggle-boxed-mode\"><div class=\"panel-heading\"><h4 class=\"panel-title toggle\"><a aria-expanded=\"false\" aria-controls=\"d6e08abb9057467f2\" role=\"button\" data-toggle=\"collapse\" data-parent=\"#accordion-11913-2\" data-target=\"#d6e08abb9057467f2\" href=\"#d6e08abb9057467f2\"><span class=\"fusion-toggle-icon-wrapper\" aria-hidden=\"true\"><i class=\"fa-fusion-box\" aria-hidden=\"true\"><\/i><\/span><span class=\"fusion-toggle-heading\">Actas<\/span><\/a><\/h4><\/div><div id=\"d6e08abb9057467f2\" class=\"panel-collapse collapse \"><div class=\"panel-body toggle-content fusion-clearfix\">\n<ul>\n<li>Acta No. 25-2025 <a href=\"https:\/\/portal.segeplan.gob.gt\/segeplan\/wp-content\/uploads\/2025\/07\/Acta-No.-25-2025.pdf\">Descargar<\/a><\/li>\n<li>Acta No. 27-2025 <a href=\"https:\/\/portal.segeplan.gob.gt\/segeplan\/wp-content\/uploads\/2025\/07\/Acta-No.-27-2025.pdf\">Descargar<\/a><\/li>\n<li>Acta No. 28-2025 <a href=\"https:\/\/portal.segeplan.gob.gt\/segeplan\/wp-content\/uploads\/2025\/07\/Acta-No.-28-2025.pdf\">Descargar<\/a><\/li>\n<\/ul>\n<\/div><\/div><\/div><\/div><\/div><\/div><style type=\"text\/css\">.fusion-body .fusion-builder-column-2{width:50% !important;margin-top : 5%;margin-bottom : 20px;}.fusion-builder-column-2 > .fusion-column-wrapper {padding-top : 0px !important;padding-right : 0px !important;margin-right : 3.84%;padding-bottom : 0px !important;padding-left : 0px !important;margin-left : 3.84%;}@media only screen and (max-width:1024px) {.fusion-body .fusion-builder-column-2{width:100% !important;order : 0;}.fusion-builder-column-2 > .fusion-column-wrapper {margin-right : 1.92%;margin-left : 1.92%;}}@media only screen and (max-width:640px) {.fusion-body .fusion-builder-column-2{width:100% !important;order : 0;}.fusion-builder-column-2 > .fusion-column-wrapper {margin-right : 1.92%;margin-left : 1.92%;}}<\/style><\/div><\/div><style type=\"text\/css\">.fusion-body .fusion-flex-container.fusion-builder-row-2{ padding-top : 0px;margin-top : 0px;padding-right : 0px;padding-bottom : 0px;margin-bottom : 0px;padding-left : 0px;}<\/style><\/div><\/p>\n","protected":false},"excerpt":{"rendered":"","protected":false},"author":1,"featured_media":0,"parent":1513,"menu_order":0,"comment_status":"closed","ping_status":"closed","template":"100-width.php","meta":{"_price":"","_stock":"","_tribe_ticket_header":"","_tribe_default_ticket_provider":"","_ticket_start_date":"","_ticket_end_date":"","_tribe_ticket_show_description":"","_tribe_ticket_show_not_going":false,"_tribe_ticket_use_global_stock":"","_tribe_ticket_global_stock_level":"","_global_stock_mode":"","_global_stock_cap":"","_tribe_rsvp_for_event":"","_tribe_ticket_going_count":"","_tribe_ticket_not_going_count":"","_tribe_tickets_list":"[]","_tribe_ticket_has_attendee_info_fields":false,"footnotes":"","_tec_slr_enabled":"","_tec_slr_layout":""},"class_list":["post-11913","page","type-page","status-publish","hentry"],"ticketed":false,"_links":{"self":[{"href":"https:\/\/portal.segeplan.gob.gt\/segeplan\/index.php?rest_route=\/wp\/v2\/pages\/11913","targetHints":{"allow":["GET"]}}],"collection":[{"href":"https:\/\/portal.segeplan.gob.gt\/segeplan\/index.php?rest_route=\/wp\/v2\/pages"}],"about":[{"href":"https:\/\/portal.segeplan.gob.gt\/segeplan\/index.php?rest_route=\/wp\/v2\/types\/page"}],"author":[{"embeddable":true,"href":"https:\/\/portal.segeplan.gob.gt\/segeplan\/index.php?rest_route=\/wp\/v2\/users\/1"}],"replies":[{"embeddable":true,"href":"https:\/\/portal.segeplan.gob.gt\/segeplan\/index.php?rest_route=%2Fwp%2Fv2%2Fcomments&post=11913"}],"version-history":[{"count":21,"href":"https:\/\/portal.segeplan.gob.gt\/segeplan\/index.php?rest_route=\/wp\/v2\/pages\/11913\/revisions"}],"predecessor-version":[{"id":13688,"href":"https:\/\/portal.segeplan.gob.gt\/segeplan\/index.php?rest_route=\/wp\/v2\/pages\/11913\/revisions\/13688"}],"up":[{"embeddable":true,"href":"https:\/\/portal.segeplan.gob.gt\/segeplan\/index.php?rest_route=\/wp\/v2\/pages\/1513"}],"wp:attachment":[{"href":"https:\/\/portal.segeplan.gob.gt\/segeplan\/index.php?rest_route=%2Fwp%2Fv2%2Fmedia&parent=11913"}],"curies":[{"name":"wp","href":"https:\/\/api.w.org\/{rel}","templated":true}]}}