{"id":1965,"date":"2022-05-17T11:26:41","date_gmt":"2022-05-17T17:26:41","guid":{"rendered":"http:\/\/190.56.9.148\/\/segeplan\/?page_id=1965"},"modified":"2026-04-09T12:50:17","modified_gmt":"2026-04-09T18:50:17","slug":"documentos-de-subsecretaria-de-planificacion-y-programacion-para-el-desarrollo","status":"publish","type":"page","link":"https:\/\/portal.segeplan.gob.gt\/segeplan\/?page_id=1965","title":{"rendered":"Documentos de Subsecretar\u00eda de Planificaci\u00f3n y Programaci\u00f3n para el desarrollo"},"content":{"rendered":"<p><div class=\"fusion-fullwidth fullwidth-box fusion-builder-row-1 fusion-flex-container nonhundred-percent-fullwidth non-hundred-percent-height-scrolling\" style=\"background-color: rgba(255,255,255,0);background-position: center center;background-repeat: no-repeat;border-width: 0px 0px 0px 0px;border-color:#e2e2e2;border-style:solid;\" ><div class=\"fusion-builder-row fusion-row fusion-flex-align-items-flex-start\" style=\"max-width:1185.6px;margin-left: calc(-4% \/ 2 );margin-right: calc(-4% \/ 2 );\"><div class=\"fusion-layout-column fusion_builder_column fusion-builder-column-0 fusion_builder_column_1_1 1_1 fusion-flex-column\"><div class=\"fusion-column-wrapper fusion-flex-justify-content-flex-start fusion-content-layout-column\" style=\"background-position:left top;background-repeat:no-repeat;-webkit-background-size:cover;-moz-background-size:cover;-o-background-size:cover;background-size:cover;padding: 0px 0px 0px 0px;\"><\/div><style type=\"text\/css\">.fusion-body .fusion-builder-column-0{width:100% !important;margin-top : 0px;margin-bottom : 20px;}.fusion-builder-column-0 > .fusion-column-wrapper {padding-top : 0px !important;padding-right : 0px !important;margin-right : 1.92%;padding-bottom : 0px !important;padding-left : 0px !important;margin-left : 1.92%;}@media only screen and (max-width:1024px) {.fusion-body .fusion-builder-column-0{width:100% !important;order : 0;}.fusion-builder-column-0 > .fusion-column-wrapper {margin-right : 1.92%;margin-left : 1.92%;}}@media only screen and (max-width:640px) {.fusion-body .fusion-builder-column-0{width:100% !important;order : 0;}.fusion-builder-column-0 > .fusion-column-wrapper {margin-right : 1.92%;margin-left : 1.92%;}}<\/style><\/div><\/div><style type=\"text\/css\">.fusion-body .fusion-flex-container.fusion-builder-row-1{ padding-top : 0px;margin-top : 0px;padding-right : 0px;padding-bottom : 0px;margin-bottom : 0px;padding-left : 0px;}<\/style><\/div><div class=\"fusion-fullwidth fullwidth-box fusion-builder-row-2 fusion-flex-container nonhundred-percent-fullwidth non-hundred-percent-height-scrolling\" style=\"background-color: rgba(255,255,255,0);background-position: center center;background-repeat: no-repeat;border-width: 0px 0px 0px 0px;border-color:#e2e2e2;border-style:solid;\" ><div class=\"fusion-builder-row fusion-row fusion-flex-align-items-flex-start\" style=\"max-width:1185.6px;margin-left: calc(-4% \/ 2 );margin-right: calc(-4% \/ 2 );\"><div class=\"fusion-layout-column fusion_builder_column fusion-builder-column-1 fusion_builder_column_1_1 1_1 fusion-flex-column\"><div class=\"fusion-column-wrapper fusion-flex-justify-content-flex-start fusion-content-layout-column\" style=\"background-position:left top;background-repeat:no-repeat;-webkit-background-size:cover;-moz-background-size:cover;-o-background-size:cover;background-size:cover;padding: 0px 0px 0px 0px;\"><div class=\"fusion-separator fusion-full-width-sep\" style=\"align-self: center;margin-left: auto;margin-right: auto;width:100%;\"><\/div><\/div><style type=\"text\/css\">.fusion-body .fusion-builder-column-1{width:100% !important;margin-top : 0px;margin-bottom : 20px;}.fusion-builder-column-1 > .fusion-column-wrapper {padding-top : 0px !important;padding-right : 0px !important;margin-right : 1.92%;padding-bottom : 0px !important;padding-left : 0px !important;margin-left : 1.92%;}@media only screen and (max-width:1024px) {.fusion-body .fusion-builder-column-1{width:100% !important;order : 0;}.fusion-builder-column-1 > .fusion-column-wrapper {margin-right : 1.92%;margin-left : 1.92%;}}@media only screen and (max-width:640px) {.fusion-body .fusion-builder-column-1{width:100% !important;order : 0;}.fusion-builder-column-1 > .fusion-column-wrapper {margin-right : 1.92%;margin-left : 1.92%;}}<\/style><\/div><div class=\"fusion-layout-column fusion_builder_column fusion-builder-column-2 fusion_builder_column_1_1 1_1 fusion-flex-column\"><div class=\"fusion-column-wrapper fusion-flex-justify-content-flex-start fusion-content-layout-column\" style=\"background-position:left top;background-repeat:no-repeat;-webkit-background-size:cover;-moz-background-size:cover;-o-background-size:cover;background-size:cover;padding: 0px 0px 0px 0px;\"><style type=\"text\/css\">#accordion-1965-1 .fusion-panel:hover, #accordion-1965-1 .fusion-panel.hover{ background-color: #f9f9fb } #accordion-1965-1 .fusion-panel { border-color:#e2e2e2; border-width:1px; background-color:#ffffff; }.fusion-accordian  #accordion-1965-1 .panel-title a .fa-fusion-box{ color: #009fe3;}.fusion-accordian  #accordion-1965-1 .panel-title a .fa-fusion-box:before{ font-size: 16px; width: 16px;}.fusion-accordian  #accordion-1965-1.fusion-toggle-icon-right .fusion-toggle-heading{ margin-right: 34px;}.fusion-accordian  #accordion-1965-1 .panel-title a{font-size:1em;}.fusion-accordian  #accordion-1965-1 .panel-title a:hover, #accordion-1965-1 .fusion-toggle-boxed-mode:hover .panel-title a { color: #009fe3;}.fusion-accordian  #accordion-1965-1 .fusion-toggle-boxed-mode:hover .panel-title a .fa-fusion-box{ color: #009fe3;}.fusion-accordian  #accordion-1965-1.fusion-toggle-icon-unboxed .fusion-panel .panel-title a:hover .fa-fusion-box{ color: #009fe3 !important;}<\/style><div class=\"accordian fusion-accordian\"><div class=\"panel-group fusion-toggle-icon-right fusion-toggle-icon-unboxed\" id=\"accordion-1965-1\"><div class=\"fusion-panel panel-default fusion-toggle-no-divider fusion-toggle-boxed-mode\"><div class=\"panel-heading\"><h4 class=\"panel-title toggle\"><a aria-expanded=\"false\" aria-controls=\"eaba582ae7429185a\" role=\"button\" data-toggle=\"collapse\" data-parent=\"#accordion-1965-1\" data-target=\"#eaba582ae7429185a\" href=\"#eaba582ae7429185a\"><span class=\"fusion-toggle-icon-wrapper\" aria-hidden=\"true\"><i class=\"fa-fusion-box\" aria-hidden=\"true\"><\/i><\/span><span class=\"fusion-toggle-heading\">Lista de Documentos de Politicas P\u00fablicas<\/span><\/a><\/h4><\/div><div id=\"eaba582ae7429185a\" class=\"panel-collapse collapse \"><div class=\"panel-body toggle-content fusion-clearfix\">\n<ul>\n<li>Lineamientos generales de pol\u00edtica 2017-2019 <a href=\"https:\/\/portal.segeplan.gob.gt\/segeplan\/wp-content\/uploads\/2022\/07\/LGPP2017-2019.pdf\">Descargar<\/a><\/li>\n<li>Gu\u00eda para la Formulaci\u00f3n de Pol\u00edticas P\u00fablicas Versi\u00f3n actualizada 2017 <a href=\"https:\/\/portal.segeplan.gob.gt\/segeplan\/wp-content\/uploads\/2022\/07\/Guia_para_formulacion_de_Politcas_Publicas_version_actualizada_2017.pdf\">Descargar<\/a><\/li>\n<li>\u00a0Lineamientos\u00a0 generales de pol\u00edtica 2016-2018 <a href=\"https:\/\/portal.segeplan.gob.gt\/segeplan\/wp-content\/uploads\/2022\/07\/03_Lineamientos_Generales_de_Politica_2016-2018.pdf\">Descargar<\/a><\/li>\n<\/ul>\n<\/div><\/div><\/div><div class=\"fusion-panel panel-default fusion-toggle-no-divider fusion-toggle-boxed-mode\"><div class=\"panel-heading\"><h4 class=\"panel-title toggle\"><a aria-expanded=\"false\" aria-controls=\"ede2de1d9b2fd9e5d\" role=\"button\" data-toggle=\"collapse\" data-parent=\"#accordion-1965-1\" data-target=\"#ede2de1d9b2fd9e5d\" href=\"#ede2de1d9b2fd9e5d\"><span class=\"fusion-toggle-icon-wrapper\" aria-hidden=\"true\"><i class=\"fa-fusion-box\" aria-hidden=\"true\"><\/i><\/span><span class=\"fusion-toggle-heading\">Lista de Documentos de Planificaci\u00f3n Territorial<\/span><\/a><\/h4><\/div><div id=\"ede2de1d9b2fd9e5d\" class=\"panel-collapse collapse \"><div class=\"panel-body toggle-content fusion-clearfix\">\n<ul>\n<li>Gu\u00eda para la implementaci\u00f3n del Plan de Desarrollo Municipal y Ordenamiento Territorial<br \/>\nen Guatemala <a href=\"https:\/\/portal.segeplan.gob.gt\/segeplan\/wp-content\/uploads\/2022\/11\/GUIA_PARA_LA_IMPLEMENTACIN_DEL_PDM-OT_EN_GUATEMALA.pdf\">Descargar<\/a><\/li>\n<\/ul>\n<\/div><\/div><\/div><div class=\"fusion-panel panel-default fusion-toggle-no-divider fusion-toggle-boxed-mode\"><div class=\"panel-heading\"><h4 class=\"panel-title toggle\"><a aria-expanded=\"false\" aria-controls=\"b1eb19a8dec11f97b\" role=\"button\" data-toggle=\"collapse\" data-parent=\"#accordion-1965-1\" data-target=\"#b1eb19a8dec11f97b\" href=\"#b1eb19a8dec11f97b\"><span class=\"fusion-toggle-icon-wrapper\" aria-hidden=\"true\"><i class=\"fa-fusion-box\" aria-hidden=\"true\"><\/i><\/span><span class=\"fusion-toggle-heading\">Lista de Documentos de Planificaci\u00f3n Sectorial<\/span><\/a><\/h4><\/div><div id=\"b1eb19a8dec11f97b\" class=\"panel-collapse collapse \"><div class=\"panel-body toggle-content fusion-clearfix\">\n<p>Documentos 2022<\/p>\n<ul>\n<li>Gu\u00eda de Planificaci\u00f3n Estrat\u00e9gica Sectorial- Gu\u00eda PES <a href=\"https:\/\/portal.segeplan.gob.gt\/segeplan\/wp-content\/uploads\/2022\/07\/Guia-de-Planificacion-Estrategica-Sectorial-2022.pdf\">Descargar<\/a><\/li>\n<li>Gu\u00eda de Planificaci\u00f3n Estrat\u00e9gica Institucional- Gu\u00eda PEI <a href=\"https:\/\/portal.segeplan.gob.gt\/segeplan\/wp-content\/uploads\/2022\/07\/Guia-de-Planificacion-Estrategica-Institucional-2022.pdf\">Descargar<\/a><\/li>\n<li>Caja de herramientas de Planificaci\u00f3n 2022 <a href=\"https:\/\/portal.segeplan.gob.gt\/segeplan\/wp-content\/uploads\/2022\/07\/Caja_de_Herramientas_Planificacion-2022-SPPD.xlsx\">Descargar<\/a><\/li>\n<\/ul>\n<p>Documentos 2023<\/p>\n<ul>\n<li>\u00a0Evaluaci\u00f3n Eta Iota Guatemala <a href=\"https:\/\/portal.segeplan.gob.gt\/segeplan\/wp-content\/uploads\/2023\/08\/EVALUACION_ETA_IOTA_GUATEMALA.pdf\">Descargar<\/a><\/li>\n<li>Informe ciclon Julia 2022 <a href=\"https:\/\/portal.segeplan.gob.gt\/segeplan\/wp-content\/uploads\/2023\/08\/Informe_ciclon_Julia_2022_14122022.pdf\">Descargar<\/a><\/li>\n<li>Informe\u00a0 Guatemala 2021 CC <a href=\"https:\/\/portal.segeplan.gob.gt\/segeplan\/wp-content\/uploads\/2023\/08\/Informe_Guatemala2021_CC.pdf\">Descargar<\/a><\/li>\n<li>Marco Nacional de Recuperaci\u00f3n <a href=\"https:\/\/portal.segeplan.gob.gt\/segeplan\/wp-content\/uploads\/2023\/08\/MarcoNacionaldeRecuperacion.pdf\">Descargar<\/a><\/li>\n<li>Plan Nacional de Respuesta <a href=\"https:\/\/portal.segeplan.gob.gt\/segeplan\/wp-content\/uploads\/2023\/08\/Plan-Nacional-de-Respuesta.pdf\">Descargar<\/a><\/li>\n<li>Volcan de Fuego <a href=\"https:\/\/portal.segeplan.gob.gt\/segeplan\/wp-content\/uploads\/2023\/08\/DaLA-Volcan-de-Fuego.pdf\">Descargar<\/a><\/li>\n<\/ul>\n<\/div><\/div><\/div><div class=\"fusion-panel panel-default fusion-toggle-no-divider fusion-toggle-boxed-mode\"><div class=\"panel-heading\"><h4 class=\"panel-title toggle\"><a aria-expanded=\"false\" aria-controls=\"f858c3ac4f13ad38b\" role=\"button\" data-toggle=\"collapse\" data-parent=\"#accordion-1965-1\" data-target=\"#f858c3ac4f13ad38b\" href=\"#f858c3ac4f13ad38b\"><span class=\"fusion-toggle-icon-wrapper\" aria-hidden=\"true\"><i class=\"fa-fusion-box\" aria-hidden=\"true\"><\/i><\/span><span class=\"fusion-toggle-heading\">Lista de Documentos de Programaci\u00f3n Sectorial y Territorial<\/span><\/a><\/h4><\/div><div id=\"f858c3ac4f13ad38b\" class=\"panel-collapse collapse \"><div class=\"panel-body toggle-content fusion-clearfix\">\n<ul>\n<li>Circular Conjunta 002-2017 MINFIN-SEGEPLAN Clasificador Tem\u00e1tico.\u00a0<a href=\"http:\/\/190.56.9.148\/segeplan\/wp-content\/uploads\/2022\/05\/Politica-de-Preinversio.pdf\">Descargar<\/a><\/li>\n<li>Gu\u00eda Pr\u00e1ctica Identificaci\u00f3n y formulaci\u00f3n de productos y subproductos. <a href=\"http:\/\/190.56.9.148\/segeplan\/wp content\/uploads\/2022\/05\/DOCUMENTO_EJEMPLO.pdf\">Descargar<\/a><\/li>\n<li>La Planificaci\u00f3n en el marco de la Gesti\u00f3n por Resultados y los Resultados Estrat\u00e9gicos. <a href=\"http:\/\/190.56.9.148\/segeplan\/wp-content\/uploads\/2022\/05\/DOCUMENTO_EJEMPLO.pdf\">Descargar<\/a><\/li>\n<li>Lineamientos Generales de Planificaci\u00f3n 2022-2026 <a href=\"#\">Descargar<\/a><\/li>\n<li>Gu\u00eda de Planificaci\u00f3n Operativa Multianual y Anual (La cual se encuentra en gesti\u00f3n de obtener el c\u00f3digo BPN, al tenerlo se estar\u00e1 solicitando que se suba al sistema) <a href=\"#\">Descargar<\/a><\/li>\n<li>Instructivo de la Caja de Herramienta Munis 2026-2030 <a href=\"https:\/\/portal.segeplan.gob.gt\/segeplan\/wp-content\/uploads\/2025\/10\/Instructivo-de-la-Caja-de-Herramienta-Munis-2026-2030_03072025vf.pdf\">Descargar<\/a><\/li>\n<li>Guia POM 2026-2030 y POA 2026 Municipalidades <a href=\"https:\/\/portal.segeplan.gob.gt\/segeplan\/wp-content\/uploads\/2025\/10\/Guia_POM_2026-2030_y_POA_2026_Municipalidades.pdf\">descargar<\/a><\/li>\n<li>Caja de Herramientas POM 2026-2030 <a href=\"https:\/\/apps.snip.gt\/sinip\/iconos\/CAJA_DE_HERRAMIENTAS_POM_2026-2030_Y_POA_2026_MUNICIPALIDADES.xlsm\">descargar<\/a><\/li>\n<\/ul>\n<\/div><\/div><\/div><div class=\"fusion-panel panel-default fusion-toggle-no-divider fusion-toggle-boxed-mode\"><div class=\"panel-heading\"><h4 class=\"panel-title toggle\"><a aria-expanded=\"false\" aria-controls=\"f7c373faf9a2d04a1\" role=\"button\" data-toggle=\"collapse\" data-parent=\"#accordion-1965-1\" data-target=\"#f7c373faf9a2d04a1\" href=\"#f7c373faf9a2d04a1\"><span class=\"fusion-toggle-icon-wrapper\" aria-hidden=\"true\"><i class=\"fa-fusion-box\" aria-hidden=\"true\"><\/i><\/span><span class=\"fusion-toggle-heading\">Lista de Documentos de An\u00e1lisis y Seguimiento de Pol\u00edticas P\u00fablicas y Planes<\/span><\/a><\/h4><\/div><div id=\"f7c373faf9a2d04a1\" class=\"panel-collapse collapse \"><div class=\"panel-body toggle-content fusion-clearfix\">\n<p>Informe de Evaluacion de la Politica General de Gobierno<\/p>\n<ul>\n<li><span data-olk-copy-source=\"MessageBody\">Informe de Evaluaci\u00f3n de la Pol\u00edtica General de Gobierno -PGG- 2024-2028 a\u00f1o 2024 <a href=\"https:\/\/portal.segeplan.gob.gt\/segeplan\/wp-content\/uploads\/2025\/10\/Informe-de-Evaluacion-PGG-2024-2028_Ano-2024.pdf\">descargar<\/a><\/span><\/li>\n<li><span data-olk-copy-source=\"MessageBody\">Informe de Evaluaci\u00f3n de la Pol\u00edtica General de Gobierno -PGG-\u00a0 2024-2028 a\u00f1o 2025 <a href=\"https:\/\/portal.segeplan.gob.gt\/segeplan\/wp-content\/uploads\/2026\/02\/Informe-de-Evaluacion-de-la-PGG-2024-2028-Ano-2025-oficio-entrega.pdf\">descargar<\/a><\/span><\/li>\n<\/ul>\n<p>Informe Anual de Evaluaci\u00f3n y An\u00e1lisis sobre la Ejecuci\u00f3n y Resultados del Presupuesto<\/p>\n<ul>\n<li>Informe anual y III Informe Cuatrimestral, Informe de Evaluaci\u00f3n y An\u00e1lisis sobre la Ejecuci\u00f3n del Presupuesto del Ejercicio Fiscal 2019 <a href=\"https:\/\/portal.segeplan.gob.gt\/segeplan\/wp-content\/uploads\/2022\/07\/III-INFORME_CUATRIMESTRAL_Y_FINAL_2019_30_03_2020_1400-1.pdf\">Descargar<\/a><\/li>\n<li>Informe Anual de Evaluaci\u00f3n y An\u00e1lisis sobre la Ejecuci\u00f3n y Resultados del Presupuesto del Ejercicio Fiscal 2018 <a href=\"https:\/\/portal.segeplan.gob.gt\/segeplan\/wp-content\/uploads\/2022\/11\/Informe-de-Evaluacion-y-Analisis-sobre-la-Ejecucion-del-Presupuesto-2018.pdf\">Descargar<\/a><\/li>\n<li>Informe Anual de Evaluaci\u00f3n y An\u00e1lisis sobre la Ejecuci\u00f3n y Resultados del Presupuesto del Ejercicio Fiscal 2017 <a href=\"https:\/\/portal.segeplan.gob.gt\/segeplan\/wp-content\/uploads\/2022\/07\/INFORME-ANUAL-2017-1.pdf\">Descargar<\/a><\/li>\n<li>Informe Anual de Evaluaci\u00f3n y An\u00e1lisis sobre la Ejecuci\u00f3n y Resultados del Presupuesto del Ejercicio Fiscal 2016 <a href=\"https:\/\/portal.segeplan.gob.gt\/segeplan\/wp-content\/uploads\/2022\/07\/Informe_Anual_2016-1.pdf\">Descargar<\/a><\/li>\n<li>Informe Anual de Evaluaci\u00f3n y An\u00e1lisis sobre la Ejecuci\u00f3n y Resultados del Presupuesto del Ejercicio Fiscal 2015 <a href=\"https:\/\/portal.segeplan.gob.gt\/segeplan\/wp-content\/uploads\/2022\/07\/InformeAnual_2015-1.pdf\">Descargar<\/a><\/li>\n<li>Informe Anual de Evaluaci\u00f3n y An\u00e1lisis sobre la Ejecuci\u00f3n y Resultados del Presupuesto del Ejercicio Fiscal 2014 <a href=\"https:\/\/portal.segeplan.gob.gt\/segeplan\/wp-content\/uploads\/2022\/07\/Informe_Anual_2014-1.pdf\">Descargar<\/a><\/li>\n<li>Informe Anual de Evaluaci\u00f3n y An\u00e1lisis sobre la Ejecuci\u00f3n y Resultados del Presupuesto del Ejercicio Fiscal 2013 <a href=\"https:\/\/portal.segeplan.gob.gt\/segeplan\/wp-content\/uploads\/2022\/07\/Informe_Anual_2013-1.pdf\">Descargar<\/a><\/li>\n<li>Informe Anual de Evaluaci\u00f3n y An\u00e1lisis sobre la Ejecuci\u00f3n y Resultados del Presupuesto del Ejercicio Fiscal 2020 <a href=\"https:\/\/portal.segeplan.gob.gt\/segeplan\/wp-content\/uploads\/2022\/07\/III-Informe-anual-y-cuatrimestral-final-24.03.20211-1.pdf\">Descargar<\/a><\/li>\n<li><span data-olk-copy-source=\"MessageBody\">Informe de Evaluaci\u00f3n y An\u00e1lisis sobre la Ejecuci\u00f3n y Resultados del Presupuesto, A\u00f1o 2024 <a href=\"https:\/\/portal.segeplan.gob.gt\/segeplan\/wp-content\/uploads\/2025\/03\/Informe-de-evaluacion-y-analisis-sobre-la-ejecucion-y-resultados-del-presupuesto_Ano-2024.pdf\">Descargar<\/a><\/span><\/li>\n<li><span data-olk-copy-source=\"MessageBody\">Informe de Evaluaci\u00f3n y An\u00e1lisis sobre la Ejecuci\u00f3n y Resultados del Presupuesto, A\u00f1o 2025 <a href=\"https:\/\/portal.segeplan.gob.gt\/segeplan\/wp-content\/uploads\/2026\/04\/III-Informe-cuatrimestral-Analisis-presupuesto-2025-integrado-oficios.pdf\">Descargar<\/a><\/span><\/li>\n<li>III Informe Cuatrimestral y Anual 2023 <a href=\"https:\/\/portal.segeplan.gob.gt\/segeplan\/wp-content\/uploads\/2024\/04\/III_Informe-cuatrimestral-y-anual-2023.pdf\">descargar<\/a><\/li>\n<li>III Informe Cuatrimestral y Anual 2022 <a href=\"https:\/\/portal.segeplan.gob.gt\/segeplan\/wp-content\/uploads\/2023\/05\/III-Informe-cuatrimestral-y-anual-2022.pdf\">Descargar<\/a><\/li>\n<li>III Informe Cuatrimestral y Anual 2021 <a href=\"https:\/\/portal.segeplan.gob.gt\/segeplan\/wp-content\/uploads\/2022\/07\/III-Informe-Cuatrimestral-y-Anual-2021-1.pdf\">Descargar<\/a><\/li>\n<\/ul>\n<p><span data-ogsc=\"rgb(63, 63, 63)\" data-ogsb=\"yellow\">I<\/span><span data-ogsc=\"rgb(63, 63, 63)\" data-ogsb=\"yellow\">nfo<\/span><span data-ogsc=\"rgb(63, 63, 63)\" data-ogsb=\"yellow\">rme Anual de Evaluaci\u00f3n de los avances de la Pol\u00edtica de Desarrollo Social y Poblaci\u00f3n<\/span><\/p>\n<ul>\n<li><span data-olk-copy-source=\"MessageBody\">Informe PDSP 2025 <a href=\"https:\/\/portal.segeplan.gob.gt\/segeplan\/wp-content\/uploads\/2025\/11\/Informe-Anual-de-Implementacion-de-la-PDSP_2025.pdf\">Descargar<\/a><\/span><\/li>\n<\/ul>\n<ul>\n<li>Informe PDSP 2024 <a href=\"https:\/\/portal.segeplan.gob.gt\/segeplan\/wp-content\/uploads\/2024\/11\/Informe-anual-de-avances-en-la-implementacion-de-la-Politica-de-Desarrollo-Social-y-Poblacion.-Ano-2024.pdf\">Descargar<\/a><\/li>\n<li>Informe PDSP 2023 <a href=\"https:\/\/portal.segeplan.gob.gt\/segeplan\/wp-content\/uploads\/2023\/11\/Informe-PDSP-2023.pdf\">Descargar<\/a><\/li>\n<li>Informe PDSP 2022 <a href=\"https:\/\/portal.segeplan.gob.gt\/segeplan\/wp-content\/uploads\/2023\/05\/Informe-PDSP-2022.pdf\">Descargar<\/a><\/li>\n<li>Informe PDSP 2021 <a href=\"https:\/\/portal.segeplan.gob.gt\/segeplan\/wp-content\/uploads\/2022\/10\/Informe-PDSP-2021-.pdf\">Descargar<\/a><\/li>\n<li>Informe PDSP 2020 <a href=\"https:\/\/portal.segeplan.gob.gt\/segeplan\/wp-content\/uploads\/2022\/10\/Informe-PDSP-2020-versin-final.pdf\">Descargar<\/a><\/li>\n<li>Informe PDSP 2019 <a href=\"https:\/\/portal.segeplan.gob.gt\/segeplan\/wp-content\/uploads\/2022\/10\/INFORME-PDSP-Segeplan-2019-FINAL-1.pdf\">Descargar<\/a><\/li>\n<li>Informe PDSP 2018 <a href=\"https:\/\/portal.segeplan.gob.gt\/segeplan\/wp-content\/uploads\/2022\/10\/Informe-PDSP-2018-FINAL.pdf\">Descargar<\/a><\/li>\n<li>Informe PDSP 2017 <a href=\"https:\/\/portal.segeplan.gob.gt\/segeplan\/wp-content\/uploads\/2022\/10\/Informe-PDSP-2017-FINAL-3-1.pdf\">Descargar<\/a><\/li>\n<li>Informe PDSP 2016 <a href=\"https:\/\/portal.segeplan.gob.gt\/segeplan\/wp-content\/uploads\/2022\/10\/INFORME-FINAL-PDSP-2016-1.pdf\">Descargar<\/a><\/li>\n<\/ul>\n<p>Informe Cuatrimestral referente a la Ejecuci\u00f3n F\u00edsica y Financiera<\/p>\n<ul>\n<li>I Informe Cuatrimestral 2017 <a href=\"https:\/\/portal.segeplan.gob.gt\/segeplan\/wp-content\/uploads\/2022\/07\/I_Informe_Cuatrimestral_2017.pdf\">Descargar<\/a><\/li>\n<li>I Informe Cuatrimestral 2020 <a href=\"https:\/\/portal.segeplan.gob.gt\/segeplan\/wp-content\/uploads\/2022\/07\/I-Informe-Cuatrimestral-2020.pdf\">Descargar<\/a><\/li>\n<li>II\u00a0 Informe Cuatrimestral 2020 <a href=\"https:\/\/portal.segeplan.gob.gt\/segeplan\/wp-content\/uploads\/2022\/07\/II-INFORME-CUATRIMESTRAL-2020.pdf\">Descargar<\/a><\/li>\n<li>I Informe Cuatrimestral 2021 <a href=\"https:\/\/portal.segeplan.gob.gt\/segeplan\/wp-content\/uploads\/2022\/07\/I-Informe-Cuatrimestral-2021.pdf\">Descargar\u00a0<\/a><\/li>\n<li>II Informe cuatrimestral 2021 <a href=\"https:\/\/portal.segeplan.gob.gt\/segeplan\/wp-content\/uploads\/2022\/07\/II-Informe-cuatrimestral-2021.pdf\">Descargar<\/a><\/li>\n<li>I Informe cuatrimestral 2022 <a href=\"https:\/\/portal.segeplan.gob.gt\/segeplan\/wp-content\/uploads\/2022\/07\/I-INFORME-CUATRIMESTRAL-2022.pdf\">Descargar<\/a><\/li>\n<li>II Informe cuatrimestral 2022 <a href=\"#\">Descargar<\/a><\/li>\n<li>I Informe cuatrimestral 2023 <a href=\"https:\/\/portal.segeplan.gob.gt\/segeplan\/wp-content\/uploads\/2023\/05\/I-Informe-cuatrimestral-2023.pdf\">Descargar<\/a><\/li>\n<li>II Informe Cuatrimestral 2023 <a href=\"https:\/\/portal.segeplan.gob.gt\/segeplan\/wp-content\/uploads\/2023\/10\/II-Informe-cuatrimestral-2023.pdf\">Descargar<\/a><\/li>\n<li>I Informe cuatrimestral 2024 <a href=\"https:\/\/portal.segeplan.gob.gt\/segeplan\/wp-content\/uploads\/2024\/06\/I-Informe-cuatrimestral-2024.pdf\">Descargar<\/a><\/li>\n<li>II Informe cuatrimestral 2024 <a href=\"https:\/\/portal.segeplan.gob.gt\/segeplan\/wp-content\/uploads\/2024\/10\/II-Informe-Cuatrimestral-2024.pdf\">Descargar<\/a><\/li>\n<li>I Informe cuatrimestral 2025 <a href=\"https:\/\/portal.segeplan.gob.gt\/segeplan\/wp-content\/uploads\/2025\/05\/Primer_informe_cuatrimestral_2025.pdf\">Descargar<\/a><\/li>\n<li>II Informe cuatrimestral 2025 <a href=\"https:\/\/portal.segeplan.gob.gt\/segeplan\/wp-content\/uploads\/2025\/09\/II-Informe-Cuatrimestral-Septiembre-2025-y-Oficios.pdf\">Descargar<\/a><\/li>\n<\/ul>\n<p>Formatos de solicitud de usuario de SIPLAN y SIPLANGL<\/p>\n<ul>\n<li>SIPLAN\u00a0 <a href=\"https:\/\/portal.segeplan.gob.gt\/segeplan\/wp-content\/uploads\/2022\/07\/Formulario-usuario-SIPLAN-Institucional.docx\">Descargar<\/a><\/li>\n<li>SIPLANGL\u00a0 <a href=\"https:\/\/portal.segeplan.gob.gt\/segeplan\/wp-content\/uploads\/2022\/07\/Formulario-usuario-SIPLAN-GL.docx\">Descargar<\/a><\/li>\n<\/ul>\n<\/div><\/div><\/div><\/div><\/div><\/div><style type=\"text\/css\">.fusion-body .fusion-builder-column-2{width:100% !important;margin-top : 0px;margin-bottom : 20px;}.fusion-builder-column-2 > .fusion-column-wrapper {padding-top : 0px !important;padding-right : 0px !important;margin-right : 1.92%;padding-bottom : 0px !important;padding-left : 0px !important;margin-left : 1.92%;}@media only screen and (max-width:1024px) {.fusion-body .fusion-builder-column-2{width:100% !important;order : 0;}.fusion-builder-column-2 > .fusion-column-wrapper {margin-right : 1.92%;margin-left : 1.92%;}}@media only screen and (max-width:640px) {.fusion-body .fusion-builder-column-2{width:100% !important;order : 0;}.fusion-builder-column-2 > .fusion-column-wrapper {margin-right : 1.92%;margin-left : 1.92%;}}<\/style><\/div><\/div><style type=\"text\/css\">.fusion-body .fusion-flex-container.fusion-builder-row-2{ padding-top : 0px;margin-top : 0px;padding-right : 0px;padding-bottom : 0px;margin-bottom : 0px;padding-left : 0px;}<\/style><\/div><\/p>\n","protected":false},"excerpt":{"rendered":"","protected":false},"author":1,"featured_media":0,"parent":1687,"menu_order":0,"comment_status":"closed","ping_status":"closed","template":"","meta":{"_price":"","_stock":"","_tribe_ticket_header":"","_tribe_default_ticket_provider":"","_ticket_start_date":"","_ticket_end_date":"","_tribe_ticket_show_description":"","_tribe_ticket_show_not_going":false,"_tribe_ticket_use_global_stock":"","_tribe_ticket_global_stock_level":"","_global_stock_mode":"","_global_stock_cap":"","_tribe_rsvp_for_event":"","_tribe_ticket_going_count":"","_tribe_ticket_not_going_count":"","_tribe_tickets_list":"[]","_tribe_ticket_has_attendee_info_fields":false,"footnotes":"","_tec_slr_enabled":"","_tec_slr_layout":""},"class_list":["post-1965","page","type-page","status-publish","hentry"],"ticketed":false,"_links":{"self":[{"href":"https:\/\/portal.segeplan.gob.gt\/segeplan\/index.php?rest_route=\/wp\/v2\/pages\/1965","targetHints":{"allow":["GET"]}}],"collection":[{"href":"https:\/\/portal.segeplan.gob.gt\/segeplan\/index.php?rest_route=\/wp\/v2\/pages"}],"about":[{"href":"https:\/\/portal.segeplan.gob.gt\/segeplan\/index.php?rest_route=\/wp\/v2\/types\/page"}],"author":[{"embeddable":true,"href":"https:\/\/portal.segeplan.gob.gt\/segeplan\/index.php?rest_route=\/wp\/v2\/users\/1"}],"replies":[{"embeddable":true,"href":"https:\/\/portal.segeplan.gob.gt\/segeplan\/index.php?rest_route=%2Fwp%2Fv2%2Fcomments&post=1965"}],"version-history":[{"count":72,"href":"https:\/\/portal.segeplan.gob.gt\/segeplan\/index.php?rest_route=\/wp\/v2\/pages\/1965\/revisions"}],"predecessor-version":[{"id":14951,"href":"https:\/\/portal.segeplan.gob.gt\/segeplan\/index.php?rest_route=\/wp\/v2\/pages\/1965\/revisions\/14951"}],"up":[{"embeddable":true,"href":"https:\/\/portal.segeplan.gob.gt\/segeplan\/index.php?rest_route=\/wp\/v2\/pages\/1687"}],"wp:attachment":[{"href":"https:\/\/portal.segeplan.gob.gt\/segeplan\/index.php?rest_route=%2Fwp%2Fv2%2Fmedia&parent=1965"}],"curies":[{"name":"wp","href":"https:\/\/api.w.org\/{rel}","templated":true}]}}