{"id":2216,"date":"2022-05-18T11:13:16","date_gmt":"2022-05-18T17:13:16","guid":{"rendered":"http:\/\/190.56.9.148\/\/segeplan\/?page_id=2216"},"modified":"2026-01-06T12:29:55","modified_gmt":"2026-01-06T18:29:55","slug":"direccion-de-seguimiento-y-evaluacion-del-desarrollo-dsed","status":"publish","type":"page","link":"https:\/\/portal.segeplan.gob.gt\/segeplan\/?page_id=2216","title":{"rendered":"Direcci\u00f3n de Seguimiento y Evaluaci\u00f3n del Desarrollo"},"content":{"rendered":"<p><div class=\"fusion-fullwidth fullwidth-box fusion-builder-row-1 fusion-flex-container hundred-percent-fullwidth non-hundred-percent-height-scrolling\" style=\"background-color: #045184;background-position: center center;background-repeat: no-repeat;border-width: 0px 0px 0px 0px;border-color:#e2e2e2;border-style:solid;\" ><div class=\"fusion-builder-row fusion-row fusion-flex-align-items-flex-start\" style=\"width:104% !important;max-width:104% !important;margin-left: calc(-4% \/ 2 );margin-right: calc(-4% \/ 2 );\"><div class=\"fusion-layout-column fusion_builder_column fusion-builder-column-0 fusion_builder_column_1_1 1_1 fusion-flex-column\"><div class=\"fusion-column-wrapper fusion-flex-justify-content-flex-start fusion-content-layout-column\" style=\"background-position:left top;background-repeat:no-repeat;-webkit-background-size:cover;-moz-background-size:cover;-o-background-size:cover;background-size:cover;padding: 0px 0px 0px 0px;\"><style type=\"text\/css\">@media only screen and (max-width:1024px) {.fusion-title.fusion-title-1{margin-top:5%!important; margin-right:0px!important;margin-bottom:5%!important;margin-left:0px!important;}}@media only screen and (max-width:640px) {.fusion-title.fusion-title-1{margin-top:10px!important; margin-right:0px!important;margin-bottom:10px!important; margin-left:0px!important;}}<\/style><div class=\"fusion-title title fusion-title-1 fusion-sep-none fusion-title-center fusion-title-text fusion-title-size-two\" style=\"font-size:50px;margin-top:5%;margin-right:0px;margin-bottom:5%;margin-left:0px;\"><h2 class=\"title-heading-center fusion-responsive-typography-calculated\" style=\"margin:0;font-size:1em;color:#ffffff;--fontSize:50;line-height:1.2;\"><span data-olk-copy-source=\"MessageBody\">Direcci\u00f3n de Seguimiento y Evaluaci\u00f3n del Desarrollo<\/span><\/h2><\/div><\/div><style type=\"text\/css\">.fusion-body .fusion-builder-column-0{width:100% !important;margin-top : 0px;margin-bottom : 20px;}.fusion-builder-column-0 > .fusion-column-wrapper {padding-top : 0px !important;padding-right : 0px !important;margin-right : 1.92%;padding-bottom : 0px !important;padding-left : 0px !important;margin-left : 1.92%;}@media only screen and (max-width:1024px) {.fusion-body .fusion-builder-column-0{width:100% !important;order : 0;}.fusion-builder-column-0 > .fusion-column-wrapper {margin-right : 1.92%;margin-left : 1.92%;}}@media only screen and (max-width:640px) {.fusion-body .fusion-builder-column-0{width:100% !important;order : 0;}.fusion-builder-column-0 > .fusion-column-wrapper {margin-right : 1.92%;margin-left : 1.92%;}}<\/style><\/div><\/div><style type=\"text\/css\">.fusion-body .fusion-flex-container.fusion-builder-row-1{ padding-top : 0px;margin-top : 0px;padding-right : 0px;padding-bottom : 0px;margin-bottom : 0px;padding-left : 0px;}<\/style><\/div><div class=\"fusion-fullwidth fullwidth-box fusion-builder-row-2 fusion-flex-container hundred-percent-fullwidth non-hundred-percent-height-scrolling\" style=\"background-color: rgba(255,255,255,0);background-position: center center;background-repeat: no-repeat;border-width: 0px 0px 0px 0px;border-color:#e2e2e2;border-style:solid;\" ><div class=\"fusion-builder-row fusion-row fusion-flex-align-items-flex-start\" style=\"width:104% !important;max-width:104% !important;margin-left: calc(-4% \/ 2 );margin-right: calc(-4% \/ 2 );\"><div class=\"fusion-layout-column fusion_builder_column fusion-builder-column-1 fusion_builder_column_1_1 1_1 fusion-flex-column\"><div class=\"fusion-column-wrapper fusion-flex-justify-content-flex-start fusion-content-layout-column\" style=\"background-position:left top;background-repeat:no-repeat;-webkit-background-size:cover;-moz-background-size:cover;-o-background-size:cover;background-size:cover;padding: 0px 0px 0px 0px;\"><div class=\"fusion-builder-row fusion-builder-row-inner fusion-row fusion-flex-align-items-flex-start\" style=\"width:104% !important;max-width:104% !important;margin-left: calc(-4% \/ 2 );margin-right: calc(-4% \/ 2 );\"><div class=\"fusion-layout-column fusion_builder_column_inner fusion-builder-nested-column-0 fusion_builder_column_inner_1_3 1_3 fusion-flex-column fusion-flex-align-self-stretch\"><div class=\"fusion-column-wrapper fusion-flex-justify-content-flex-start fusion-content-layout-block\" style=\"background-position:left top;background-repeat:no-repeat;-webkit-background-size:cover;-moz-background-size:cover;-o-background-size:cover;background-size:cover;padding: 0px 0px 0px 0px;\"><div class=\"fusion-aligncenter\"><style type=\"text\/css\">.fusion-button.button-1 {border-radius:5px;}<\/style><a class=\"fusion-button button-flat fusion-button-default-size button-default button-1 fusion-button-default-span fusion-button-default-type\" target=\"_blank\" rel=\"noopener noreferrer\" href=\"https:\/\/portal.segeplan.gob.gt\/segeplan\/?page_id=10901\" style=\"margin-top:50%;margin-left:25%;\"><span class=\"fusion-button-text\">Necesidades B\u00e1sicas Insatisfechas 2018<\/span><\/a><\/div><div class=\"fusion-aligncenter\"><style type=\"text\/css\">.fusion-button.button-2 {border-radius:3px;}<\/style><a class=\"fusion-button button-flat fusion-button-default-size button-default button-2 fusion-button-default-span fusion-button-default-type\" target=\"_blank\" rel=\"noopener noreferrer\" href=\"https:\/\/pnd.gt\/Home\/Compendio_tablero\" style=\"margin-top:5%;\"><span class=\"fusion-button-text\">Compendio Estadistico<\/span><\/a><\/div><div class=\"fusion-aligncenter\"><style type=\"text\/css\">.fusion-button.button-3 {border-radius:3px;}<\/style><a class=\"fusion-button button-flat fusion-button-default-size button-default button-3 fusion-button-default-span fusion-button-default-type\" target=\"_blank\" rel=\"noopener noreferrer\" href=\"https:\/\/portal.segeplan.gob.gt\/segeplan\/?page_id=11496 Mapas de Pobreza 2023\" style=\"margin-top:5%;\"><span class=\"fusion-button-text\">Mapas de Pobreza 2023<\/span><\/a><\/div><div class=\"fusion-aligncenter\"><style type=\"text\/css\">.fusion-button.button-4 {border-radius:3px;}<\/style><a class=\"fusion-button button-flat fusion-button-default-size button-default button-4 fusion-button-default-span fusion-button-default-type\" target=\"_blank\" rel=\"noopener noreferrer\" href=\"https:\/\/portal.segeplan.gob.gt\/segeplan\/wp-content\/uploads\/2025\/09\/LG-METODOLOGIA-DE-INDICES-2025-vf.pdf\" style=\"margin-top:5%;margin-left:20%;\"><span class=\"fusion-button-text\">METODOLOG\u00cdA PARA LA CONSTRUCCI\u00d3N DE \u00cdNDICES DE DESEMPE\u00d1O DE LA GESTI\u00d3N P\u00daBLICA<\/span><\/a><\/div><\/div><style type=\"text\/css\">.fusion-body .fusion-builder-nested-column-0{width:33.333333333333% !important;margin-top : 0px;margin-bottom : 20px;}.fusion-builder-nested-column-0 > .fusion-column-wrapper {padding-top : 0px !important;padding-right : 0px !important;margin-right : 10px;padding-bottom : 0px !important;padding-left : 0px !important;margin-left : 5.76%;}@media only screen and (max-width:1024px) {.fusion-body .fusion-builder-nested-column-0{width:100% !important;order : 0;}.fusion-builder-nested-column-0 > .fusion-column-wrapper {margin-right : 1.92%;margin-left : 1.92%;}}@media only screen and (max-width:640px) {.fusion-body .fusion-builder-nested-column-0{width:100% !important;order : 0;}.fusion-builder-nested-column-0 > .fusion-column-wrapper {margin-right : 1.92%;margin-left : 1.92%;}}<\/style><\/div><div class=\"fusion-layout-column fusion_builder_column_inner fusion-builder-nested-column-1 fusion_builder_column_inner_1_3 1_3 fusion-flex-column\"><div class=\"fusion-column-wrapper fusion-flex-justify-content-flex-start fusion-content-layout-column\" style=\"background-position:left top;background-repeat:no-repeat;-webkit-background-size:cover;-moz-background-size:cover;-o-background-size:cover;background-size:cover;padding: 0px 0px 0px 0px;\"><div class=\"fusion-text fusion-text-1\" style=\"color:#045184;margin-top:25%;\"><p style=\"text-align: justify;\">Esta Direcci\u00f3n es la encargada del seguimiento y evaluaci\u00f3n de las Prioridades Nacionales\u00b7 de Desarrollo, en el marco del Sistema Nacional de Planificaci\u00f3n; con el objeto de reportar el avance y cumplimiento de metas y contribuir a la toma de decisiones. Entre sus funciones est\u00e1n: Coordinar el Sistema de Seguimiento y Evaluaci\u00f3n que permitan medir y evaluar en el corto, mediano y largo plazo, el Plan Nacional de Desarrollo K\u2019atun, Nuestra Guatemala 2032; la Agenda Internacional de Desarrollo incluidos los ODS por medio de las Prioridades Nacionales de Desarrollo en el marco del Sistema Nacional de Planificaci\u00f3n.<\/p>\n<\/div><\/div><style type=\"text\/css\">.fusion-body .fusion-builder-nested-column-1{width:33.333333333333% !important;margin-top : 5%;margin-bottom : 20px;}.fusion-builder-nested-column-1 > .fusion-column-wrapper {padding-top : 0px !important;padding-right : 0px !important;margin-right : 5.76%;padding-bottom : 0px !important;padding-left : 0px !important;margin-left : 5.76%;}@media only screen and (max-width:1024px) {.fusion-body .fusion-builder-nested-column-1{width:100% !important;order : 0;}.fusion-builder-nested-column-1 > .fusion-column-wrapper {margin-right : 1.92%;margin-left : 1.92%;}}@media only screen and (max-width:640px) {.fusion-body .fusion-builder-nested-column-1{width:100% !important;order : 0;}.fusion-builder-nested-column-1 > .fusion-column-wrapper {margin-right : 1.92%;margin-left : 1.92%;}}<\/style><\/div><div class=\"fusion-layout-column fusion_builder_column_inner fusion-builder-nested-column-2 fusion_builder_column_inner_1_3 1_3 fusion-flex-column\"><div class=\"fusion-column-wrapper fusion-flex-justify-content-flex-start fusion-content-layout-column\" style=\"background-position:left top;background-repeat:no-repeat;-webkit-background-size:cover;-moz-background-size:cover;-o-background-size:cover;background-size:cover;padding: 0px 0px 0px 0px;\"><div ><span class=\" fusion-imageframe imageframe-none imageframe-1 hover-type-none\" style=\"margin-top:35%;\"><a class=\"fusion-no-lightbox\" href=\"https:\/\/pnd.gt\/Documentos\/Marco_Conceptual_SINSE_con_ISBN.pdf\" target=\"_self\" aria-label=\"Cintillo PND Marco conceptual SINSE\"><img decoding=\"async\" width=\"1958\" height=\"688\" src=\"https:\/\/portal.segeplan.gob.gt\/segeplan\/wp-content\/uploads\/2026\/01\/Cintillo-PND-Marco-conceptual-SINSE.jpg\" data-orig-src=\"https:\/\/portal.segeplan.gob.gt\/segeplan\/wp-content\/uploads\/2026\/01\/Cintillo-PND-Marco-conceptual-SINSE.jpg\" class=\"lazyload img-responsive wp-image-14375\" srcset=\"data:image\/svg+xml,%3Csvg%20xmlns%3D%27http%3A%2F%2Fwww.w3.org%2F2000%2Fsvg%27%20width%3D%271958%27%20height%3D%27688%27%20viewBox%3D%270%200%201958%20688%27%3E%3Crect%20width%3D%271958%27%20height%3D%27688%27%20fill-opacity%3D%220%22%2F%3E%3C%2Fsvg%3E\" data-srcset=\"https:\/\/portal.segeplan.gob.gt\/segeplan\/wp-content\/uploads\/2026\/01\/Cintillo-PND-Marco-conceptual-SINSE-200x70.jpg 200w, https:\/\/portal.segeplan.gob.gt\/segeplan\/wp-content\/uploads\/2026\/01\/Cintillo-PND-Marco-conceptual-SINSE-400x141.jpg 400w, https:\/\/portal.segeplan.gob.gt\/segeplan\/wp-content\/uploads\/2026\/01\/Cintillo-PND-Marco-conceptual-SINSE-600x211.jpg 600w, https:\/\/portal.segeplan.gob.gt\/segeplan\/wp-content\/uploads\/2026\/01\/Cintillo-PND-Marco-conceptual-SINSE-800x281.jpg 800w, https:\/\/portal.segeplan.gob.gt\/segeplan\/wp-content\/uploads\/2026\/01\/Cintillo-PND-Marco-conceptual-SINSE-1200x422.jpg 1200w, https:\/\/portal.segeplan.gob.gt\/segeplan\/wp-content\/uploads\/2026\/01\/Cintillo-PND-Marco-conceptual-SINSE.jpg 1958w\" data-sizes=\"auto\" data-orig-sizes=\"(max-width: 1024px) 100vw, (max-width: 640px) 100vw, 400px\" \/><\/a><\/span><\/div><div ><span class=\" fusion-imageframe imageframe-none imageframe-2 hover-type-none\" style=\"margin-top:10%;\"><a class=\"fusion-no-lightbox\" href=\"https:\/\/pnd.gt\/Documentos\/Guia_para_la_elaboracion_TdR_de_evaluaciones_de_disenio.pdf\" target=\"_self\" aria-label=\"Cintillo portal SEGEPLAN Lineamientos generales de pili\u0301tica y planificacio\u0301n\"><img decoding=\"async\" width=\"2133\" height=\"1094\" src=\"https:\/\/portal.segeplan.gob.gt\/segeplan\/wp-content\/uploads\/2026\/01\/Cintillo-portal-SEGEPLAN-Lineamientos-generales-de-pilitica-y-planificacion-1.jpg\" data-orig-src=\"https:\/\/portal.segeplan.gob.gt\/segeplan\/wp-content\/uploads\/2026\/01\/Cintillo-portal-SEGEPLAN-Lineamientos-generales-de-pilitica-y-planificacion-1.jpg\" class=\"lazyload img-responsive wp-image-14378\" srcset=\"data:image\/svg+xml,%3Csvg%20xmlns%3D%27http%3A%2F%2Fwww.w3.org%2F2000%2Fsvg%27%20width%3D%272133%27%20height%3D%271094%27%20viewBox%3D%270%200%202133%201094%27%3E%3Crect%20width%3D%272133%27%20height%3D%271094%27%20fill-opacity%3D%220%22%2F%3E%3C%2Fsvg%3E\" data-srcset=\"https:\/\/portal.segeplan.gob.gt\/segeplan\/wp-content\/uploads\/2026\/01\/Cintillo-portal-SEGEPLAN-Lineamientos-generales-de-pilitica-y-planificacion-1-200x103.jpg 200w, https:\/\/portal.segeplan.gob.gt\/segeplan\/wp-content\/uploads\/2026\/01\/Cintillo-portal-SEGEPLAN-Lineamientos-generales-de-pilitica-y-planificacion-1-400x205.jpg 400w, https:\/\/portal.segeplan.gob.gt\/segeplan\/wp-content\/uploads\/2026\/01\/Cintillo-portal-SEGEPLAN-Lineamientos-generales-de-pilitica-y-planificacion-1-600x308.jpg 600w, https:\/\/portal.segeplan.gob.gt\/segeplan\/wp-content\/uploads\/2026\/01\/Cintillo-portal-SEGEPLAN-Lineamientos-generales-de-pilitica-y-planificacion-1-800x410.jpg 800w, https:\/\/portal.segeplan.gob.gt\/segeplan\/wp-content\/uploads\/2026\/01\/Cintillo-portal-SEGEPLAN-Lineamientos-generales-de-pilitica-y-planificacion-1-1200x615.jpg 1200w, https:\/\/portal.segeplan.gob.gt\/segeplan\/wp-content\/uploads\/2026\/01\/Cintillo-portal-SEGEPLAN-Lineamientos-generales-de-pilitica-y-planificacion-1.jpg 2133w\" data-sizes=\"auto\" data-orig-sizes=\"(max-width: 1024px) 100vw, (max-width: 640px) 100vw, 400px\" \/><\/a><\/span><\/div><\/div><style type=\"text\/css\">.fusion-body .fusion-builder-nested-column-2{width:33.333333333333% !important;margin-top : 0px;margin-bottom : 20px;}.fusion-builder-nested-column-2 > .fusion-column-wrapper {padding-top : 0px !important;padding-right : 0px !important;margin-right : 5.76%;padding-bottom : 0px !important;padding-left : 0px !important;margin-left : 5.76%;}@media only screen and (max-width:1024px) {.fusion-body .fusion-builder-nested-column-2{width:100% !important;order : 0;}.fusion-builder-nested-column-2 > .fusion-column-wrapper {margin-right : 1.92%;margin-left : 1.92%;}}@media only screen and (max-width:640px) {.fusion-body .fusion-builder-nested-column-2{width:100% !important;order : 0;}.fusion-builder-nested-column-2 > .fusion-column-wrapper {margin-right : 1.92%;margin-left : 1.92%;}}<\/style><\/div><\/div><\/div><style type=\"text\/css\">.fusion-body .fusion-builder-column-1{width:100% !important;margin-top : 0px;margin-bottom : 20px;}.fusion-builder-column-1 > .fusion-column-wrapper {padding-top : 0px !important;padding-right : 0px !important;margin-right : 1.92%;padding-bottom : 0px !important;padding-left : 0px !important;margin-left : 1.92%;}@media only screen and (max-width:1024px) {.fusion-body .fusion-builder-column-1{width:100% !important;order : 0;}.fusion-builder-column-1 > .fusion-column-wrapper {margin-right : 1.92%;margin-left : 1.92%;}}@media only screen and (max-width:640px) {.fusion-body .fusion-builder-column-1{width:100% !important;order : 0;}.fusion-builder-column-1 > .fusion-column-wrapper {margin-right : 1.92%;margin-left : 1.92%;}}<\/style><\/div><\/div><style type=\"text\/css\">.fusion-body .fusion-flex-container.fusion-builder-row-2{ padding-top : 0px;margin-top : 0px;padding-right : 0px;padding-bottom : 0px;margin-bottom : 0px;padding-left : 0px;}<\/style><\/div><\/p>\n","protected":false},"excerpt":{"rendered":"","protected":false},"author":1,"featured_media":0,"parent":1750,"menu_order":0,"comment_status":"closed","ping_status":"closed","template":"100-width.php","meta":{"_price":"","_stock":"","_tribe_ticket_header":"","_tribe_default_ticket_provider":"","_ticket_start_date":"","_ticket_end_date":"","_tribe_ticket_show_description":"","_tribe_ticket_show_not_going":false,"_tribe_ticket_use_global_stock":"","_tribe_ticket_global_stock_level":"","_global_stock_mode":"","_global_stock_cap":"","_tribe_rsvp_for_event":"","_tribe_ticket_going_count":"","_tribe_ticket_not_going_count":"","_tribe_tickets_list":"[]","_tribe_ticket_has_attendee_info_fields":false,"footnotes":"","_tec_slr_enabled":"","_tec_slr_layout":""},"class_list":["post-2216","page","type-page","status-publish","hentry"],"ticketed":false,"_links":{"self":[{"href":"https:\/\/portal.segeplan.gob.gt\/segeplan\/index.php?rest_route=\/wp\/v2\/pages\/2216","targetHints":{"allow":["GET"]}}],"collection":[{"href":"https:\/\/portal.segeplan.gob.gt\/segeplan\/index.php?rest_route=\/wp\/v2\/pages"}],"about":[{"href":"https:\/\/portal.segeplan.gob.gt\/segeplan\/index.php?rest_route=\/wp\/v2\/types\/page"}],"author":[{"embeddable":true,"href":"https:\/\/portal.segeplan.gob.gt\/segeplan\/index.php?rest_route=\/wp\/v2\/users\/1"}],"replies":[{"embeddable":true,"href":"https:\/\/portal.segeplan.gob.gt\/segeplan\/index.php?rest_route=%2Fwp%2Fv2%2Fcomments&post=2216"}],"version-history":[{"count":65,"href":"https:\/\/portal.segeplan.gob.gt\/segeplan\/index.php?rest_route=\/wp\/v2\/pages\/2216\/revisions"}],"predecessor-version":[{"id":14385,"href":"https:\/\/portal.segeplan.gob.gt\/segeplan\/index.php?rest_route=\/wp\/v2\/pages\/2216\/revisions\/14385"}],"up":[{"embeddable":true,"href":"https:\/\/portal.segeplan.gob.gt\/segeplan\/index.php?rest_route=\/wp\/v2\/pages\/1750"}],"wp:attachment":[{"href":"https:\/\/portal.segeplan.gob.gt\/segeplan\/index.php?rest_route=%2Fwp%2Fv2%2Fmedia&parent=2216"}],"curies":[{"name":"wp","href":"https:\/\/api.w.org\/{rel}","templated":true}]}}