{"id":6206,"date":"2022-08-11T14:26:41","date_gmt":"2022-08-11T20:26:41","guid":{"rendered":"https:\/\/portal.segeplan.gob.gt\/segeplan\/?page_id=6206"},"modified":"2022-08-11T15:14:28","modified_gmt":"2022-08-11T21:14:28","slug":"gobierno-abierto","status":"publish","type":"page","link":"https:\/\/portal.segeplan.gob.gt\/segeplan\/?page_id=6206","title":{"rendered":"Gobierno Abierto"},"content":{"rendered":"<p><div class=\"fusion-fullwidth fullwidth-box fusion-builder-row-1 fusion-flex-container fusion-parallax-none nonhundred-percent-fullwidth non-hundred-percent-height-scrolling lazyload\" style=\"background-color: rgba(255,255,255,0);background-position: center center;background-repeat: no-repeat;border-width: 0px 0px 0px 0px;border-color:#e2e2e2;border-style:solid;-webkit-background-size:cover;-moz-background-size:cover;-o-background-size:cover;background-size:cover;\" data-bg=\"https:\/\/portal.segeplan.gob.gt\/segeplan\/wp-content\/uploads\/2022\/08\/Gobierno_Abierto-300x18.png\" ><div class=\"fusion-builder-row fusion-row fusion-flex-align-items-flex-start\" style=\"max-width:1185.6px;margin-left: calc(-4% \/ 2 );margin-right: calc(-4% \/ 2 );\"><div class=\"fusion-layout-column fusion_builder_column fusion-builder-column-0 fusion_builder_column_1_1 1_1 fusion-flex-column\"><div class=\"fusion-column-wrapper fusion-flex-justify-content-flex-start fusion-content-layout-column\" style=\"background-position:left top;background-repeat:no-repeat;-webkit-background-size:cover;-moz-background-size:cover;-o-background-size:cover;background-size:cover;padding: 0px 0px 0px 0px;\"><\/div><style type=\"text\/css\">.fusion-body .fusion-builder-column-0{width:100% !important;margin-top : 0px;margin-bottom : 20px;}.fusion-builder-column-0 > .fusion-column-wrapper {padding-top : 0px !important;padding-right : 0px !important;margin-right : 1.92%;padding-bottom : 0px !important;padding-left : 0px !important;margin-left : 1.92%;}@media only screen and (max-width:1024px) {.fusion-body .fusion-builder-column-0{width:100% !important;order : 0;}.fusion-builder-column-0 > .fusion-column-wrapper {margin-right : 1.92%;margin-left : 1.92%;}}@media only screen and (max-width:640px) {.fusion-body .fusion-builder-column-0{width:100% !important;order : 0;}.fusion-builder-column-0 > .fusion-column-wrapper {margin-right : 1.92%;margin-left : 1.92%;}}<\/style><\/div><\/div><style type=\"text\/css\">.fusion-body .fusion-flex-container.fusion-builder-row-1{ padding-top : 0px;margin-top : 0px;padding-right : 0px;padding-bottom : 0px;margin-bottom : 0px;padding-left : 0px;}<\/style><\/div><div class=\"fusion-fullwidth fullwidth-box fusion-builder-row-2 fusion-flex-container nonhundred-percent-fullwidth non-hundred-percent-height-scrolling\" style=\"background-color: rgba(255,255,255,0);background-position: center center;background-repeat: no-repeat;border-width: 0px 0px 0px 0px;border-color:#e2e2e2;border-style:solid;\" ><div class=\"fusion-builder-row fusion-row fusion-flex-align-items-flex-start\" style=\"max-width:1185.6px;margin-left: calc(-4% \/ 2 );margin-right: calc(-4% \/ 2 );\"><div class=\"fusion-layout-column fusion_builder_column fusion-builder-column-1 fusion_builder_column_1_1 1_1 fusion-flex-column\"><div class=\"fusion-column-wrapper fusion-flex-justify-content-flex-start fusion-content-layout-column\" style=\"background-position:left top;background-repeat:no-repeat;-webkit-background-size:cover;-moz-background-size:cover;-o-background-size:cover;background-size:cover;padding: 0px 0px 0px 0px;\"><div class=\"fusion-text fusion-text-1\"><h3>Definici\u00f3n Gobierno Abierto<\/h3>\n<p>Guatemala es parte de 70 pa\u00edses que conforman la\u00a0<a href=\"https:\/\/www.opengovpartnership.org\/countries\/guatemala\" target=\"_blank\" rel=\"noopener\">Alianza para el Gobierno Abierto<\/a>\u00a0(AGA). Esta iniciativa internacional consiste en adoptar compromisos bajo los principios de transparencia, colaboraci\u00f3n y participaci\u00f3n que son integrados en un Plan de Acci\u00f3n Nacional de Gobierno Abierto y puestos en acci\u00f3n a trav\u00e9s del trabajo conjunto entre entidades p\u00fablicas y organizaciones de la Sociedad Civil.<\/p>\n<h3>Plan de Acci\u00f3n 2016-2018<\/h3>\n<p>La Mesa T\u00e9cnica de Gobierno Abierto es el medio para el di\u00e1logo permanente entre gobierno, entidades p\u00fablicas y sociedad civil, adem\u00e1s de constituirse en un mecanismo de rendici\u00f3n de cuentas, verificaci\u00f3n y monitoreo del cumplimiento de los compromisos con los que cuentan los planes de acci\u00f3n, adem\u00e1s de promover el desarrollo de una estrategia nacional de Gobierno Abierto que asegure que los compromisos se conviertan en esfuerzos conjuntos y vinculantes entre s\u00ed, a trav\u00e9s de las institucionalizaci\u00f3n de una estrategia de Gobierno Abierto en Guatemala.<\/p>\n<h3>Compromisos de Gobierno Abierto<\/h3>\n<p>El Plan de Acci\u00f3n de Gobierno Abierto 2016-2018, consta de 22 compromisos y 5 ejes de acci\u00f3n:<\/p>\n<ol>\n<li><a href=\"http:\/\/gobiernoabierto.gob.gt\/practice\/informacion-publica\/\" target=\"_blank\" rel=\"noopener\">Acceso a la Informaci\u00f3n P\u00fablica y Archivos Institucionales<\/a><\/li>\n<li><a href=\"http:\/\/gobiernoabierto.gob.gt\/practice\/innovacion-tecnologica\/\" target=\"_blank\" rel=\"noopener\">Innovaci\u00f3n Tecnol\u00f3gica<\/a><\/li>\n<li><a href=\"http:\/\/gobiernoabierto.gob.gt\/practice\/participacion-ciudadana\/\" target=\"_blank\" rel=\"noopener\">Participaci\u00f3n Ciudadana<\/a><\/li>\n<li><a href=\"http:\/\/gobiernoabierto.gob.gt\/practice\/rendicion-cuentas\/\" target=\"_blank\" rel=\"noopener\">Rendici\u00f3n de Cuentas<\/a><\/li>\n<li><a href=\"http:\/\/gobiernoabierto.gob.gt\/practice\/transparencia-fiscal\/\">Transparencia Fiscal<\/a><\/li>\n<\/ol>\n<p>La Segepl\u00e1n participa en el Eje 5, Transparencia Fiscal en:<\/p>\n<p><strong>Compromiso 16<\/strong><br \/><a href=\"https:\/\/portal.segeplan.gob.gt\/segeplan\/?page_id=6222\">Acciones para avanzar hacia un proceso presupuestario abierto y participativo<\/a><\/p>\n<p><strong>Compromiso 18<\/strong><br \/>Acciones para mejorar la disponibilidad y calidad de la informaci\u00f3n presupuestaria.<br \/><strong>Meta n\u00famero 5<\/strong>:\u00a0\u00a0<a href=\"https:\/\/portal.segeplan.gob.gt\/segeplan\/?page_id=6233\">Publicaci\u00f3n y difusi\u00f3n de informes para monitorear las etapas de ejecuci\u00f3n de los pr\u00e9stamos y donaciones<\/a><\/p>\n<\/div><\/div><style type=\"text\/css\">.fusion-body .fusion-builder-column-1{width:100% !important;margin-top : 0px;margin-bottom : 20px;}.fusion-builder-column-1 > .fusion-column-wrapper {padding-top : 0px !important;padding-right : 0px !important;margin-right : 1.92%;padding-bottom : 0px !important;padding-left : 0px !important;margin-left : 1.92%;}@media only screen and (max-width:1024px) {.fusion-body .fusion-builder-column-1{width:100% !important;order : 0;}.fusion-builder-column-1 > .fusion-column-wrapper {margin-right : 1.92%;margin-left : 1.92%;}}@media only screen and (max-width:640px) {.fusion-body .fusion-builder-column-1{width:100% !important;order : 0;}.fusion-builder-column-1 > .fusion-column-wrapper {margin-right : 1.92%;margin-left : 1.92%;}}<\/style><\/div><\/div><style type=\"text\/css\">.fusion-body .fusion-flex-container.fusion-builder-row-2{ padding-top : 0px;margin-top : 0px;padding-right : 0px;padding-bottom : 0px;margin-bottom : 0px;padding-left : 0px;}<\/style><\/div><\/p>\n","protected":false},"excerpt":{"rendered":"","protected":false},"author":1,"featured_media":0,"parent":0,"menu_order":0,"comment_status":"closed","ping_status":"closed","template":"","meta":{"_price":"","_stock":"","_tribe_ticket_header":"","_tribe_default_ticket_provider":"","_ticket_start_date":"","_ticket_end_date":"","_tribe_ticket_show_description":"","_tribe_ticket_show_not_going":false,"_tribe_ticket_use_global_stock":"","_tribe_ticket_global_stock_level":"","_global_stock_mode":"","_global_stock_cap":"","_tribe_rsvp_for_event":"","_tribe_ticket_going_count":"","_tribe_ticket_not_going_count":"","_tribe_tickets_list":"[]","_tribe_ticket_has_attendee_info_fields":false,"footnotes":"","_tec_slr_enabled":"","_tec_slr_layout":""},"class_list":["post-6206","page","type-page","status-publish","hentry"],"ticketed":false,"_links":{"self":[{"href":"https:\/\/portal.segeplan.gob.gt\/segeplan\/index.php?rest_route=\/wp\/v2\/pages\/6206","targetHints":{"allow":["GET"]}}],"collection":[{"href":"https:\/\/portal.segeplan.gob.gt\/segeplan\/index.php?rest_route=\/wp\/v2\/pages"}],"about":[{"href":"https:\/\/portal.segeplan.gob.gt\/segeplan\/index.php?rest_route=\/wp\/v2\/types\/page"}],"author":[{"embeddable":true,"href":"https:\/\/portal.segeplan.gob.gt\/segeplan\/index.php?rest_route=\/wp\/v2\/users\/1"}],"replies":[{"embeddable":true,"href":"https:\/\/portal.segeplan.gob.gt\/segeplan\/index.php?rest_route=%2Fwp%2Fv2%2Fcomments&post=6206"}],"version-history":[{"count":5,"href":"https:\/\/portal.segeplan.gob.gt\/segeplan\/index.php?rest_route=\/wp\/v2\/pages\/6206\/revisions"}],"predecessor-version":[{"id":6242,"href":"https:\/\/portal.segeplan.gob.gt\/segeplan\/index.php?rest_route=\/wp\/v2\/pages\/6206\/revisions\/6242"}],"wp:attachment":[{"href":"https:\/\/portal.segeplan.gob.gt\/segeplan\/index.php?rest_route=%2Fwp%2Fv2%2Fmedia&parent=6206"}],"curies":[{"name":"wp","href":"https:\/\/api.w.org\/{rel}","templated":true}]}}