{"id":6436,"date":"2022-08-17T11:48:03","date_gmt":"2022-08-17T17:48:03","guid":{"rendered":"https:\/\/portal.segeplan.gob.gt\/segeplan\/?page_id=6436"},"modified":"2026-03-05T10:31:52","modified_gmt":"2026-03-05T16:31:52","slug":"lineamientos","status":"publish","type":"page","link":"https:\/\/portal.segeplan.gob.gt\/segeplan\/?page_id=6436","title":{"rendered":"LINEAMIENTOS"},"content":{"rendered":"<div class=\"fusion-fullwidth fullwidth-box fusion-builder-row-1 fusion-flex-container nonhundred-percent-fullwidth non-hundred-percent-height-scrolling\" style=\"background-color: rgba(255,255,255,0);background-position: center center;background-repeat: no-repeat;border-width: 0px 0px 0px 0px;border-color:#e2e2e2;border-style:solid;\" ><div class=\"fusion-builder-row fusion-row fusion-flex-align-items-flex-start\" style=\"max-width:1185.6px;margin-left: calc(-4% \/ 2 );margin-right: calc(-4% \/ 2 );\"><div class=\"fusion-layout-column fusion_builder_column fusion-builder-column-0 fusion_builder_column_1_1 1_1 fusion-flex-column\"><div class=\"fusion-column-wrapper fusion-flex-justify-content-flex-start fusion-content-layout-column\" style=\"background-position:left top;background-repeat:no-repeat;-webkit-background-size:cover;-moz-background-size:cover;-o-background-size:cover;background-size:cover;padding: 0px 0px 0px 0px;\"><style type=\"text\/css\">#accordion-6436-1 .fusion-panel:hover, #accordion-6436-1 .fusion-panel.hover{ background-color: #f9f9fb } #accordion-6436-1 .fusion-panel { border-color:#e2e2e2; border-width:1px; background-color:#ffffff; }.fusion-accordian  #accordion-6436-1 .panel-title a .fa-fusion-box{ color: #009fe3;}.fusion-accordian  #accordion-6436-1 .panel-title a .fa-fusion-box:before{ font-size: 16px; width: 16px;}.fusion-accordian  #accordion-6436-1.fusion-toggle-icon-right .fusion-toggle-heading{ margin-right: 34px;}.fusion-accordian  #accordion-6436-1 .panel-title a{font-size:28px;}.fusion-accordian  #accordion-6436-1 .panel-title a:hover, #accordion-6436-1 .fusion-toggle-boxed-mode:hover .panel-title a { color: #009fe3;}.fusion-accordian  #accordion-6436-1 .fusion-toggle-boxed-mode:hover .panel-title a .fa-fusion-box{ color: #009fe3;}.fusion-accordian  #accordion-6436-1.fusion-toggle-icon-unboxed .fusion-panel .panel-title a:hover .fa-fusion-box{ color: #009fe3 !important;}<\/style><div class=\"accordian fusion-accordian\"><div class=\"panel-group fusion-toggle-icon-right fusion-toggle-icon-unboxed\" id=\"accordion-6436-1\"><div class=\"fusion-panel panel-default fusion-toggle-no-divider fusion-toggle-boxed-mode\"><div class=\"panel-heading\"><h4 class=\"panel-title toggle\"><a aria-expanded=\"false\" aria-controls=\"bd3f017608a957a68\" role=\"button\" data-toggle=\"collapse\" data-parent=\"#accordion-6436-1\" data-target=\"#bd3f017608a957a68\" href=\"#bd3f017608a957a68\"><span class=\"fusion-toggle-icon-wrapper\" aria-hidden=\"true\"><i class=\"fa-fusion-box\" aria-hidden=\"true\"><\/i><\/span><span class=\"fusion-toggle-heading\">Lineamientos Generales de Pol\u00edtica y Planificaci\u00f3n 2027-2031<\/span><\/a><\/h4><\/div><div id=\"bd3f017608a957a68\" class=\"panel-collapse collapse \"><div class=\"panel-body toggle-content fusion-clearfix\">\n<ul>\n<li>Marco Conceptual Sistema Nacional de Inversion Publica 2019 <a href=\"https:\/\/portal.segeplan.gob.gt\/segeplan\/wp-content\/uploads\/2026\/02\/02_Marco-Conceptual-Sistema-Nacional-de-Inversion-Publica_2019.pdf\">descargar<\/a><\/li>\n<li>Marco Conceptual SINSE <a href=\"https:\/\/portal.segeplan.gob.gt\/segeplan\/wp-content\/uploads\/2026\/02\/03_Marco_Conceptual_SINSE.pdf\">descargar<\/a><\/li>\n<li>Marco Normativo Conceptual y Metodologico del SNP <a href=\"https:\/\/portal.segeplan.gob.gt\/segeplan\/wp-content\/uploads\/2026\/02\/04_Marco-Normativo-Conceptual-y-Metodologico-del-SNP.pdf\">descargar<\/a><\/li>\n<li>Guia metodologica POM-POA Segunda edicion V. <a href=\"https:\/\/portal.segeplan.gob.gt\/segeplan\/wp-content\/uploads\/2026\/03\/GUIA-METODOLOGICA-DE-POM-POA_Segunda-edicion_V.-FINAL.pdf\">descargar<\/a><\/li>\n<li>Guia Planificacion Estrategica Sectorial SEGEPLAN-2024 <a href=\"https:\/\/portal.segeplan.gob.gt\/segeplan\/wp-content\/uploads\/2026\/02\/06-Guia-Planificacion-Estrategica-Sectorial_SEGEPLAN-2024.pdf\">descargar<\/a><\/li>\n<li>Guia Planificacion Estrategica Institucional SEGEPLAN-2024 <a href=\"https:\/\/portal.segeplan.gob.gt\/segeplan\/wp-content\/uploads\/2026\/02\/07-Guia-Planificacion-Estrategica-Institucional_SEGEPLAN-2024.pdf\">descargar<\/a><\/li>\n<li>Guia General de Planificacion <a href=\"https:\/\/portal.segeplan.gob.gt\/segeplan\/wp-content\/uploads\/2026\/02\/08_Guia-General-de-Planificacion.pdf\">descargar<\/a><\/li>\n<li>Guia Orientadora Cooperacion 6ta.-Edicion <a href=\"https:\/\/portal.segeplan.gob.gt\/segeplan\/wp-content\/uploads\/2026\/02\/09_Guia-Orientadora-Cooperacion-6ta.-Edicion.pdf\">decargar<\/a><\/li>\n<li>Guia basica para la construccion de indicadores <a href=\"https:\/\/portal.segeplan.gob.gt\/segeplan\/wp-content\/uploads\/2026\/02\/10_Guia_basica_para_la_construccion_de_indicadores.pdf\">descargar<\/a><\/li>\n<li>Guia Formulacion Politicas Publicas <a href=\"https:\/\/portal.segeplan.gob.gt\/segeplan\/wp-content\/uploads\/2026\/02\/12_Guia-Formulacion-Politicas-Publicas.pdf\">descargar<\/a><\/li>\n<li>Guia para la elaboracion TdR de evaluaciones de dise\u00f1o <a href=\"https:\/\/portal.segeplan.gob.gt\/segeplan\/wp-content\/uploads\/2026\/02\/13_Guia_para_la_elaboracion_TdR_de_evaluaciones_de_diseno.pdf\">descargar<\/a><\/li>\n<li>Metodologia construccion indices desempe\u00f1o Publica 2024 <a href=\"https:\/\/portal.segeplan.gob.gt\/segeplan\/wp-content\/uploads\/2026\/02\/14_Metodologia_construccion_indices_desempeno_GPublica_2024.pdf\">descargar<\/a><\/li>\n<li>Compendio indicadores 2025 <a href=\"https:\/\/portal.segeplan.gob.gt\/segeplan\/wp-content\/uploads\/2026\/02\/15_Compendio_indicadores_2025.pdf\">descargar<\/a><\/li>\n<li>Necesidades basicas insatisfechas 2020 <a href=\"https:\/\/portal.segeplan.gob.gt\/segeplan\/wp-content\/uploads\/2026\/02\/16_Necesidades_basicas_insatisfechas_2020.pdf\">descargar<\/a><\/li>\n<li>Caja Herramientas Planificacion <span data-olk-copy-source=\"MessageBody\">2027 &#8211; 2031<\/span> <a href=\"https:\/\/apps.snip.gt\/sinip\/iconos\/CAJA_DE_HERRAMIENTAS_2027.xlsm\">descargar<\/a><\/li>\n<li>Informe mapas de pobreza2023 nivel municipal <a href=\"https:\/\/portal.segeplan.gob.gt\/segeplan\/wp-content\/uploads\/2026\/02\/19_Informe-mapas-de-pobreza2023_nivel_mpal_nov2025.pdf\">descargar<\/a><\/li>\n<li>Informe Presidencial 2a.Cosecha 2025 <a href=\"https:\/\/portal.segeplan.gob.gt\/segeplan\/wp-content\/uploads\/2026\/02\/20_Informe_Presidencial_2a.Cosecha_2025.pdf\">decargar<\/a><\/li>\n<li>Politica de Preinversion <a href=\"https:\/\/portal.segeplan.gob.gt\/segeplan\/wp-content\/uploads\/2026\/02\/21_Politica_de_Preinversion1.pdf\">descargar<\/a><\/li>\n<li>Lineamientos fomulacion presupuesto 2027-2031 <a href=\"https:\/\/portal.segeplan.gob.gt\/segeplan\/wp-content\/uploads\/2026\/02\/23_Lineamientos_fomulacion_presupuesto_2027-2031_DT.pdf\">descargar<\/a><\/li>\n<li>Lineamientos de Politica y Planificacion 2027 2031 <a href=\"https:\/\/portal.segeplan.gob.gt\/segeplan\/wp-content\/uploads\/2026\/02\/Lineamientos-de-Politica-y-Planificacion-2027-2031-1.pdf\">descargar<\/a><\/li>\n<li>Listado documentos LGPP 2027-2031 <a href=\"https:\/\/portal.segeplan.gob.gt\/segeplan\/wp-content\/uploads\/2026\/02\/Listado_documentos_LGPP_2027-2031_240226.docx\">descargar<\/a><\/li>\n<\/ul>\n<\/div><\/div><\/div><div class=\"fusion-panel panel-default fusion-toggle-no-divider fusion-toggle-boxed-mode\"><div class=\"panel-heading\"><h4 class=\"panel-title toggle\"><a aria-expanded=\"false\" aria-controls=\"707473f294e9df7fe\" role=\"button\" data-toggle=\"collapse\" data-parent=\"#accordion-6436-1\" data-target=\"#707473f294e9df7fe\" href=\"#707473f294e9df7fe\"><span class=\"fusion-toggle-icon-wrapper\" aria-hidden=\"true\"><i class=\"fa-fusion-box\" aria-hidden=\"true\"><\/i><\/span><span class=\"fusion-toggle-heading\">Lineamientos Generales de Pol\u00edtica y Planificaci\u00f3n 2026-2030<\/span><\/a><\/h4><\/div><div id=\"707473f294e9df7fe\" class=\"panel-collapse collapse \"><div class=\"panel-body toggle-content fusion-clearfix\">\n<ul>\n<li><span data-olk-copy-source=\"MessageBody\">Gu\u00eda para Formulaci\u00f3n de Planificaci\u00f3n Operativa Anual y Multianual, 2da. Edici\u00f3n.<\/span>\u00a0<a href=\"https:\/\/portal.segeplan.gob.gt\/segeplan\/wp-content\/uploads\/2025\/02\/12_GUIA_POM_POA_21022025_vf.pdf\">descargar<\/a><\/li>\n<li>Indicadores de las PND 2024 <a href=\"https:\/\/portal.segeplan.gob.gt\/segeplan\/wp-content\/uploads\/2025\/02\/13_Indicadores_de_las_PND_2024.pdf\">descargar<\/a><\/li>\n<li>Mapa de pobreza 2023 <a href=\"https:\/\/portal.segeplan.gob.gt\/segeplan\/wp-content\/uploads\/2025\/02\/14_Link-ingreso-a-Mapa-de-pobreza-2023.pdf\">descargar<\/a><\/li>\n<li>Marco Conceptual Sistema Nacional de Inversion Publica 2019 <a href=\"https:\/\/portal.segeplan.gob.gt\/segeplan\/wp-content\/uploads\/2025\/02\/15_Marco-Conceptual-Sistema-Nacional-de-Inversion-Publica_2019.pdf\">descargar<\/a><\/li>\n<li>Matriz de Preinversion <a href=\"https:\/\/portal.segeplan.gob.gt\/segeplan\/wp-content\/uploads\/2025\/02\/16_MATRIZ-PREINVERSION_2025.xlsx\">descargar<\/a><\/li>\n<li>Necesidades Basicas Insatisfechas <a href=\"https:\/\/portal.segeplan.gob.gt\/segeplan\/wp-content\/uploads\/2025\/02\/17_NECESIDADES_BASICAS_INSATISFECHAS_VERSION_FINAL09-11-2020.pdf\">descargar<\/a><\/li>\n<li>Normar\u00a0 SNIP\u00a0 <a href=\"https:\/\/portal.segeplan.gob.gt\/segeplan\/wp-content\/uploads\/2025\/02\/18_NORMAS_SNIP_2025.pdf\">descargar<\/a><\/li>\n<li>Politica de Preinversion <a href=\"https:\/\/portal.segeplan.gob.gt\/segeplan\/wp-content\/uploads\/2025\/02\/19_Politica_de_Preinversion1.pdf\">descargar<\/a><\/li>\n<li>Resultados de evaluacion PGG 2024-2028 <a href=\"https:\/\/portal.segeplan.gob.gt\/segeplan\/wp-content\/uploads\/2025\/02\/PPT-Resultados-de-evaluacion-PGG-2024-2028_24_02_2024Talleres.pptx\">descargar<\/a><\/li>\n<li>Lineamientos para la Formulaci\u00f3n\u00a0 <a href=\"https:\/\/portal.segeplan.gob.gt\/segeplan\/wp-content\/uploads\/2025\/02\/21_VF-PPT-LINEAMIENTOS-PARA-LA-FORMULACION-PRE-2025.pdf\">descargar<\/a><\/li>\n<li>Presentaci\u00f3n Lineamientos de Planificaci\u00f3n 2026 <a href=\"https:\/\/portal.segeplan.gob.gt\/segeplan\/wp-content\/uploads\/2025\/02\/22_PPT-Lineamientos-de-Planificacion.pdf\">descargar<\/a><\/li>\n<li>Traslado de Lineamientos-DTP <a href=\"https:\/\/portal.segeplan.gob.gt\/segeplan\/wp-content\/uploads\/2025\/02\/1_01-24-2025-Traslado-de-Lineamientos-DTP.pdf\">descargar<\/a><\/li>\n<li>La-primera cosecha 2024-2025 <a href=\"https:\/\/portal.segeplan.gob.gt\/segeplan\/wp-content\/uploads\/2025\/02\/2_1.-PUBLICADO_I-P-2024-La-primera-cosecha-2024-2025.pdf\">descargar<\/a><\/li>\n<li><span data-olk-copy-source=\"MessageBody\">Gu\u00eda Planificaci\u00f3n Estrat\u00e9gica Sectorial SEGEPLAN, 2da. Edici\u00f3n<\/span>\u00a0<a href=\"https:\/\/portal.segeplan.gob.gt\/segeplan\/wp-content\/uploads\/2025\/02\/3_3.-Guia-Planificacion-Estrategica-Sectorial_SEGEPLAN-2024.pdf\">descargar<\/a><\/li>\n<li>Marco Normativo Conceptual y Metodologico del-SNP <a href=\"https:\/\/portal.segeplan.gob.gt\/segeplan\/wp-content\/uploads\/2025\/02\/4_3-Marco-Normativo-Conceptual-y-Metodologico-del-SNP.pdf\">descargar<\/a><\/li>\n<li><span data-olk-copy-source=\"MessageBody\">Gu\u00eda Planificaci\u00f3n Estrat\u00e9gica Intitucional SEGEPLAN, 2da. Edici\u00f3n<\/span>\u00a0<a href=\"https:\/\/portal.segeplan.gob.gt\/segeplan\/wp-content\/uploads\/2025\/02\/5_4.-Guia-Planificacion-Estrategica-Institucional_SEGEPLAN-2024.pdf\">descargar<\/a><\/li>\n<li>Guia General de Planificacion <a href=\"https:\/\/portal.segeplan.gob.gt\/segeplan\/wp-content\/uploads\/2025\/02\/7_Guia-General-de-Planificacion.pdf\">descargar<\/a><\/li>\n<li>Guia Gestion Programas Proyectos Inversion Publica Prestamos 2022 <a href=\"https:\/\/portal.segeplan.gob.gt\/segeplan\/wp-content\/uploads\/2025\/02\/8_Guia-Gestion-Programas-Proyectos-Inversion-Publica-Prestamos_2022.pdf\">descargar<\/a><\/li>\n<li>Guia Orientadora 6ta. Edicion <a href=\"https:\/\/portal.segeplan.gob.gt\/segeplan\/wp-content\/uploads\/2025\/02\/9_Guia-Orientadora-6ta.-Edicion.pdf\">descargar<\/a><\/li>\n<li>Guia basica para la construccion de indicadores <a href=\"https:\/\/portal.segeplan.gob.gt\/segeplan\/wp-content\/uploads\/2025\/02\/10_Guia_basica_para_la_construccion_de_indicadores.pdf\">descargar<\/a><\/li>\n<li>Gu\u00eda de Formulaci\u00f3n\u00a0 y Evalucacion de Proyectos de Inversi\u00f3n P\u00fablica <a href=\"https:\/\/portal.segeplan.gob.gt\/segeplan\/wp-content\/uploads\/2025\/02\/11_GUIA_FEPIP1.pdf\">descargar<\/a><\/li>\n<li>Caja Herramientas Planificacion 2026-2030 <a href=\"https:\/\/apps.snip.gt\/sinip\/iconos\/6_CAJA_HERRAMIENTAS_PLANIFICACION_2026-2030_VF__20022025C.xlsm\">descargar<\/a><\/li>\n<li><span data-olk-copy-source=\"MessageBody\">Formulaci\u00f3n de la Planificaci\u00f3n Estrat\u00e9gica Institucional, Operativa Multianual y Anual Consejo Departamental de Desarrollo. <a href=\"https:\/\/portal.segeplan.gob.gt\/segeplan\/wp-content\/uploads\/2025\/02\/PEI-Consejos-Desarrollo-1.pdf\">descargar<\/a><\/span><\/li>\n<li><span data-olk-copy-source=\"MessageBody\">Gu\u00eda para la Formulaci\u00f3n del Plan Estrat\u00e9gico Institucional Municipal. <a href=\"https:\/\/portal.segeplan.gob.gt\/segeplan\/wp-content\/uploads\/2025\/02\/Guia-PEI-Municipalidades.pdf\">descargar<\/a><\/span><\/li>\n<li><span data-olk-copy-source=\"MessageBody\">Gu\u00eda para la Formulaci\u00f3n de Pol\u00edticas P\u00fablicas. <a href=\"https:\/\/portal.segeplan.gob.gt\/segeplan\/wp-content\/uploads\/2025\/02\/Guia-Formulacion-Politicas-P.pdf\">descargar<\/a><\/span><\/li>\n<li>Lineamientos Generales de Pol\u00edtica y Planificaci\u00f3n <a href=\"https:\/\/portal.segeplan.gob.gt\/segeplan\/wp-content\/uploads\/2025\/02\/Lineamientos-Generales-de-Politica-y-Planificacion.pdf\">descargar<\/a><\/li>\n<\/ul>\n<\/div><\/div><\/div><div class=\"fusion-panel panel-default fusion-toggle-no-divider fusion-toggle-boxed-mode\"><div class=\"panel-heading\"><h4 class=\"panel-title toggle\"><a aria-expanded=\"false\" aria-controls=\"5f296190f8bd504e7\" role=\"button\" data-toggle=\"collapse\" data-parent=\"#accordion-6436-1\" data-target=\"#5f296190f8bd504e7\" href=\"#5f296190f8bd504e7\"><span class=\"fusion-toggle-icon-wrapper\" aria-hidden=\"true\"><i class=\"fa-fusion-box\" aria-hidden=\"true\"><\/i><\/span><span class=\"fusion-toggle-heading\">Lineamientos Generales de Planificaci\u00f3n y Presupuesto Anual y Multianual 2025-2029<\/span><\/a><\/h4><\/div><div id=\"5f296190f8bd504e7\" class=\"panel-collapse collapse \"><div class=\"panel-body toggle-content fusion-clearfix\">\n<ul>\n<li>Gu\u00eda de formulaci\u00f3n de pol\u00edticas p\u00fablicas <a href=\"https:\/\/portal.segeplan.gob.gt\/segeplan\/wp-content\/uploads\/2024\/03\/01_guia_de_formulacion_politicas_publicas.pdf\" target=\"_blank\" rel=\"noopener\">Descargar<\/a><\/li>\n<li>Planes estrat\u00e9gicos sectoriales <a href=\"https:\/\/portal.segeplan.gob.gt\/segeplan\/wp-content\/uploads\/2024\/03\/Guia-Planificacion-Estrategica-Sectorial_SEGEPLAN-2024.pdf\" target=\"_blank\" rel=\"noopener\">Descargar<\/a><\/li>\n<li>Gu\u00eda para la elaboraci\u00f3n de planes estrat\u00e9gicos institucionales <a href=\"https:\/\/portal.segeplan.gob.gt\/segeplan\/wp-content\/uploads\/2024\/03\/Guia-Planificacion-Estrategica-Institucional_SEGEPLAN-2024.pdf\" target=\"_blank\" rel=\"noopener\">Descargar<\/a><\/li>\n<li>Gu\u00eda metodol\u00f3gica de planificaci\u00f3n operativa multianual y anual <a href=\"https:\/\/portal.segeplan.gob.gt\/segeplan\/wp-content\/uploads\/2024\/03\/04_guia_metodologica_de_planificacion_operativa_multianual_y_anual.pdf\" target=\"_blank\" rel=\"noopener\">Descargar<\/a><\/li>\n<li>Gu\u00eda de formulaci\u00f3n y evaluaci\u00f3n de proyectos de inversi\u00f3n p\u00fablica -FEPIP- <a href=\"https:\/\/portal.segeplan.gob.gt\/segeplan\/wp-content\/uploads\/2024\/03\/05_guia_de_formulacion_y_evaluacion_de_proyectos_de_inversion_publica_FEPIP.pdf\" target=\"_blank\" rel=\"noopener\">Descargar<\/a><\/li>\n<li>Gu\u00eda mediada de formulaci\u00f3n y evaluaci\u00f3n de proyectos \u00bfC\u00f3mo formular y evaluar un proyecto de inversi\u00f3n p\u00fablica?, orientaciones generales <a href=\"https:\/\/portal.segeplan.gob.gt\/segeplan\/wp-content\/uploads\/2024\/03\/05.1_guia_mediada_de_formulacion_y_evaluacion_de_proyectos.pdf\" target=\"_blank\" rel=\"noopener\">Descargar<\/a><\/li>\n<li>Gu\u00eda b\u00e1sica para construcci\u00f3n de indicadores, orientada al sector p\u00fablico <a href=\"https:\/\/portal.segeplan.gob.gt\/segeplan\/wp-content\/uploads\/2024\/03\/06_guia_basica_para_la_construccion_de_indicadores.pdf\" target=\"_blank\" rel=\"noopener\">Descargar<\/a><\/li>\n<li>Gu\u00eda orientadora, programas y proyectos de cooperaci\u00f3n internacional no reembolsable, 6ta edici\u00f3n <a href=\"https:\/\/portal.segeplan.gob.gt\/segeplan\/wp-content\/uploads\/2024\/03\/07_guia_orientadora_programas_y_proyectos_de_cooperacion_internacional_no_reembolsable_6ta_edic.pdf\" target=\"_blank\" rel=\"noopener\">Descargar<\/a><\/li>\n<li>Marco normativo, conceptual y metodol\u00f3gico del Sistema Nacional de Planificaci\u00f3n de Guatemala <a href=\"https:\/\/portal.segeplan.gob.gt\/segeplan\/wp-content\/uploads\/2024\/03\/10_marco_normativo_conceptual_y_metodologico_del_SNP.pdf\" target=\"_blank\" rel=\"noopener\">Descargar<\/a><\/li>\n<li>Lineamientos generales de pol\u00edtica y planificaci\u00f3n ejercicios fiscales 2024, 2025 y multianual 2025-2029 <a href=\"https:\/\/portal.segeplan.gob.gt\/segeplan\/wp-content\/uploads\/2024\/03\/PPT_Lineamientos-Generales-de-Politica-y-Planificacion-Ejercicios-Fiscales-2024-2025-y-Multianual-2025-2029_v2.pdf\" target=\"_blank\" rel=\"noopener\">Descargar<\/a><\/li>\n<li>Formulaci\u00f3n del plan estrat\u00e9gico institucional, en el marco de la gesti\u00f3n por resultados <a href=\"https:\/\/portal.segeplan.gob.gt\/segeplan\/wp-content\/uploads\/2024\/03\/PPT_Formulacion-del-Plan-Estrategico-Institucional_13032024.pdf\" target=\"_blank\" rel=\"noopener\">Descargar\u00a0<\/a><\/li>\n<li>Formulaci\u00f3n del plan operativo multianual 2025-2029 y plan operativo anual 2025 en el marco de la gesti\u00f3n por resultados <a href=\"https:\/\/portal.segeplan.gob.gt\/segeplan\/wp-content\/uploads\/2024\/03\/PPT_Formulacion_del_Plan_Operativo_multianual_2025-2029_13032024.pdf\" target=\"_blank\" rel=\"noopener\">Descargar<\/a><\/li>\n<li>Gu\u00eda conceptual de planificaci\u00f3n y presupuesto por resultados, para el sector p\u00fablico de Guatemala <a href=\"https:\/\/portal.segeplan.gob.gt\/segeplan\/wp-content\/uploads\/2024\/03\/Guia_GpR_MINFIN_SEGEPLAN.pdf\" target=\"_blank\" rel=\"noopener\">Descargar<\/a><\/li>\n<li>Caja de herramientas de planificaci\u00f3n para la formulaci\u00f3n de PEI, POM y POA <a href=\"https:\/\/portal.segeplan.gob.gt\/segeplan\/wp-content\/uploads\/2024\/03\/Caja_Herramientas_Planificacion_2025-2029-1.xlsx\" target=\"_blank\" rel=\"noopener\">Descargar<\/a><\/li>\n<li>Pol\u00edtica General de Gobierno 2024-2028 <a href=\"https:\/\/portal.segeplan.gob.gt\/segeplan\/wp-content\/uploads\/2024\/03\/Politica-General-Gobierno-2024-2028.pdf\" target=\"_blank\" rel=\"noopener\">Descargar<\/a><\/li>\n<li>Pol\u00edtica General de Gobierno 2024-2028 Presentaci\u00f3n <a href=\"https:\/\/portal.segeplan.gob.gt\/segeplan\/wp-content\/uploads\/2024\/03\/PGG_PresentacionFinal_220324.pdf\">descargar<\/a><\/li>\n<li>Lineamientos para la formulaci\u00f3n presupuestaria, Direcci\u00f3n T\u00e9cnica del Presupuesto <a href=\"https:\/\/portal.segeplan.gob.gt\/segeplan\/wp-content\/uploads\/2024\/03\/PPT_Lineamientos-para-la-Formulacion-Presupuestaria-2025-2029-MINFIN_18032024.pdf\" target=\"_blank\" rel=\"noopener\">Descargar<\/a><\/li>\n<li>Red de categor\u00edas program\u00e1tica y de producci\u00f3n en el Marco de la Gesti\u00f3n por Resultados <a href=\"https:\/\/portal.segeplan.gob.gt\/segeplan\/wp-content\/uploads\/2024\/03\/PPT_Traslado-de-Lineamientos-DTP_MINFIN_18032024.pdf\" target=\"_blank\" rel=\"noopener\">Descargar<\/a><\/li>\n<\/ul>\n<\/div><\/div><\/div><\/div><\/div><\/div><style type=\"text\/css\">.fusion-body .fusion-builder-column-0{width:100% !important;margin-top : 0px;margin-bottom : 20px;}.fusion-builder-column-0 > .fusion-column-wrapper {padding-top : 0px !important;padding-right : 0px !important;margin-right : 1.92%;padding-bottom : 0px !important;padding-left : 0px !important;margin-left : 1.92%;}@media only screen and (max-width:1024px) {.fusion-body .fusion-builder-column-0{width:100% !important;order : 0;}.fusion-builder-column-0 > .fusion-column-wrapper {margin-right : 1.92%;margin-left : 1.92%;}}@media only screen and (max-width:640px) {.fusion-body .fusion-builder-column-0{width:100% !important;order : 0;}.fusion-builder-column-0 > .fusion-column-wrapper {margin-right : 1.92%;margin-left : 1.92%;}}<\/style><\/div><\/div><style type=\"text\/css\">.fusion-body .fusion-flex-container.fusion-builder-row-1{ padding-top : 0px;margin-top : 0px;padding-right : 0px;padding-bottom : 0px;margin-bottom : 0px;padding-left : 0px;}<\/style><\/div>\n","protected":false},"excerpt":{"rendered":"","protected":false},"author":1,"featured_media":0,"parent":6416,"menu_order":0,"comment_status":"closed","ping_status":"closed","template":"","meta":{"_price":"","_stock":"","_tribe_ticket_header":"","_tribe_default_ticket_provider":"","_ticket_start_date":"","_ticket_end_date":"","_tribe_ticket_show_description":"","_tribe_ticket_show_not_going":false,"_tribe_ticket_use_global_stock":"","_tribe_ticket_global_stock_level":"","_global_stock_mode":"","_global_stock_cap":"","_tribe_rsvp_for_event":"","_tribe_ticket_going_count":"","_tribe_ticket_not_going_count":"","_tribe_tickets_list":"[]","_tribe_ticket_has_attendee_info_fields":false,"footnotes":"","_tec_slr_enabled":"","_tec_slr_layout":""},"class_list":["post-6436","page","type-page","status-publish","hentry"],"ticketed":false,"_links":{"self":[{"href":"https:\/\/portal.segeplan.gob.gt\/segeplan\/index.php?rest_route=\/wp\/v2\/pages\/6436","targetHints":{"allow":["GET"]}}],"collection":[{"href":"https:\/\/portal.segeplan.gob.gt\/segeplan\/index.php?rest_route=\/wp\/v2\/pages"}],"about":[{"href":"https:\/\/portal.segeplan.gob.gt\/segeplan\/index.php?rest_route=\/wp\/v2\/types\/page"}],"author":[{"embeddable":true,"href":"https:\/\/portal.segeplan.gob.gt\/segeplan\/index.php?rest_route=\/wp\/v2\/users\/1"}],"replies":[{"embeddable":true,"href":"https:\/\/portal.segeplan.gob.gt\/segeplan\/index.php?rest_route=%2Fwp%2Fv2%2Fcomments&post=6436"}],"version-history":[{"count":66,"href":"https:\/\/portal.segeplan.gob.gt\/segeplan\/index.php?rest_route=\/wp\/v2\/pages\/6436\/revisions"}],"predecessor-version":[{"id":14796,"href":"https:\/\/portal.segeplan.gob.gt\/segeplan\/index.php?rest_route=\/wp\/v2\/pages\/6436\/revisions\/14796"}],"up":[{"embeddable":true,"href":"https:\/\/portal.segeplan.gob.gt\/segeplan\/index.php?rest_route=\/wp\/v2\/pages\/6416"}],"wp:attachment":[{"href":"https:\/\/portal.segeplan.gob.gt\/segeplan\/index.php?rest_route=%2Fwp%2Fv2%2Fmedia&parent=6436"}],"curies":[{"name":"wp","href":"https:\/\/api.w.org\/{rel}","templated":true}]}}