{"id":8842,"date":"2023-09-13T14:25:31","date_gmt":"2023-09-13T20:25:31","guid":{"rendered":"https:\/\/portal.segeplan.gob.gt\/segeplan\/?page_id=8842"},"modified":"2026-02-20T09:11:50","modified_gmt":"2026-02-20T15:11:50","slug":"docuementos-institucionales","status":"publish","type":"page","link":"https:\/\/portal.segeplan.gob.gt\/segeplan\/?page_id=8842","title":{"rendered":"Documentos Institucionales"},"content":{"rendered":"<div class=\"fusion-fullwidth fullwidth-box fusion-builder-row-1 fusion-flex-container nonhundred-percent-fullwidth non-hundred-percent-height-scrolling\" style=\"background-color: rgba(255,255,255,0);background-position: center center;background-repeat: no-repeat;border-width: 0px 0px 0px 0px;border-color:#e2e2e2;border-style:solid;\" ><div class=\"fusion-builder-row fusion-row fusion-flex-align-items-flex-start\" style=\"max-width:1185.6px;margin-left: calc(-4% \/ 2 );margin-right: calc(-4% \/ 2 );\"><div class=\"fusion-layout-column fusion_builder_column fusion-builder-column-0 fusion_builder_column_1_2 1_2 fusion-flex-column\"><div class=\"fusion-column-wrapper fusion-flex-justify-content-flex-start fusion-content-layout-column\" style=\"background-position:left top;background-repeat:no-repeat;-webkit-background-size:cover;-moz-background-size:cover;-o-background-size:cover;background-size:cover;padding: 0px 0px 0px 0px;\"><style type=\"text\/css\">#accordion-8842-1 .fusion-panel:hover, #accordion-8842-1 .fusion-panel.hover{ background-color: #f9f9fb } #accordion-8842-1 .fusion-panel { border-color:#e2e2e2; border-width:1px; background-color:#ffffff; }.fusion-accordian  #accordion-8842-1 .panel-title a .fa-fusion-box{ color: #009fe3;}.fusion-accordian  #accordion-8842-1 .panel-title a .fa-fusion-box:before{ font-size: 16px; width: 16px;}.fusion-accordian  #accordion-8842-1.fusion-toggle-icon-right .fusion-toggle-heading{ margin-right: 34px;}.fusion-accordian  #accordion-8842-1 .panel-title a{font-size:28px;}.fusion-accordian  #accordion-8842-1 .panel-title a:hover, #accordion-8842-1 .fusion-toggle-boxed-mode:hover .panel-title a { color: #009fe3;}.fusion-accordian  #accordion-8842-1 .fusion-toggle-boxed-mode:hover .panel-title a .fa-fusion-box{ color: #009fe3;}.fusion-accordian  #accordion-8842-1.fusion-toggle-icon-unboxed .fusion-panel .panel-title a:hover .fa-fusion-box{ color: #009fe3 !important;}<\/style><div class=\"accordian fusion-accordian\"><div class=\"panel-group fusion-toggle-icon-right fusion-toggle-icon-unboxed\" id=\"accordion-8842-1\"><div class=\"fusion-panel panel-default fusion-toggle-no-divider fusion-toggle-boxed-mode\"><div class=\"panel-heading\"><h4 class=\"panel-title toggle\"><a aria-expanded=\"false\" aria-controls=\"ea0744a8ce9697028\" role=\"button\" data-toggle=\"collapse\" data-parent=\"#accordion-8842-1\" data-target=\"#ea0744a8ce9697028\" href=\"#ea0744a8ce9697028\"><span class=\"fusion-toggle-icon-wrapper\" aria-hidden=\"true\"><i class=\"fa-fusion-box\" aria-hidden=\"true\"><\/i><\/span><span class=\"fusion-toggle-heading\">Documentos Institucionales<\/span><\/a><\/h4><\/div><div id=\"ea0744a8ce9697028\" class=\"panel-collapse collapse \"><div class=\"panel-body toggle-content fusion-clearfix\">\n<p>Informe de la Reestructura de la SEGEPLAN \u201cCambiamos para cambiar Guatemala\u201d <a href=\"https:\/\/portal.segeplan.gob.gt\/segeplan\/wp-content\/uploads\/2023\/09\/SEGEPLAN-Reestructura-1.pdf\">descargar<\/a><\/p>\n<p><span data-olk-copy-source=\"MessageBody\">Plan Estrat\u00e9gico Institucional SEGEPLAN 2026&#8211;2035<\/span> <a href=\"https:\/\/portal.segeplan.gob.gt\/segeplan\/wp-content\/uploads\/2026\/02\/Plan-Estrategico-Institucional-PEI-2026-2035.pdf\">descargar<\/a><\/p>\n<p>Reglamento Org\u00e1nico Interno de la Secretar\u00eda de Planificaci\u00f3n y Programaci\u00f3n de la Presidencia ACUERDO GUBERNATIVO N\u00daMERO 20-2019 <a href=\"https:\/\/portal.segeplan.gob.gt\/segeplan\/wp-content\/uploads\/2023\/09\/ROI-8agosto2023-1.pdf\">descargar<\/a><\/p>\n<\/div><\/div><\/div><\/div><\/div><\/div><style type=\"text\/css\">.fusion-body .fusion-builder-column-0{width:50% !important;margin-top : 0px;margin-bottom : 20px;}.fusion-builder-column-0 > .fusion-column-wrapper {padding-top : 0px !important;padding-right : 0px !important;margin-right : 3.84%;padding-bottom : 0px !important;padding-left : 0px !important;margin-left : 3.84%;}@media only screen and (max-width:1024px) {.fusion-body .fusion-builder-column-0{width:100% !important;order : 0;}.fusion-builder-column-0 > .fusion-column-wrapper {margin-right : 1.92%;margin-left : 1.92%;}}@media only screen and (max-width:640px) {.fusion-body .fusion-builder-column-0{width:100% !important;order : 0;}.fusion-builder-column-0 > .fusion-column-wrapper {margin-right : 1.92%;margin-left : 1.92%;}}<\/style><\/div><div class=\"fusion-layout-column fusion_builder_column fusion-builder-column-1 fusion_builder_column_1_2 1_2 fusion-flex-column\"><div class=\"fusion-column-wrapper fusion-flex-justify-content-flex-start fusion-content-layout-column\" style=\"background-position:left top;background-repeat:no-repeat;-webkit-background-size:cover;-moz-background-size:cover;-o-background-size:cover;background-size:cover;padding: 0px 0px 0px 0px;\"><style type=\"text\/css\">#accordion-8842-2 .fusion-panel:hover, #accordion-8842-2 .fusion-panel.hover{ background-color: #f9f9fb } #accordion-8842-2 .fusion-panel { border-color:#e2e2e2; border-width:1px; background-color:#ffffff; }.fusion-accordian  #accordion-8842-2 .panel-title a .fa-fusion-box{ color: #009fe3;}.fusion-accordian  #accordion-8842-2 .panel-title a .fa-fusion-box:before{ font-size: 16px; width: 16px;}.fusion-accordian  #accordion-8842-2.fusion-toggle-icon-right .fusion-toggle-heading{ margin-right: 34px;}.fusion-accordian  #accordion-8842-2 .panel-title a{font-size:28px;}.fusion-accordian  #accordion-8842-2 .panel-title a:hover, #accordion-8842-2 .fusion-toggle-boxed-mode:hover .panel-title a { color: #009fe3;}.fusion-accordian  #accordion-8842-2 .fusion-toggle-boxed-mode:hover .panel-title a .fa-fusion-box{ color: #009fe3;}.fusion-accordian  #accordion-8842-2.fusion-toggle-icon-unboxed .fusion-panel .panel-title a:hover .fa-fusion-box{ color: #009fe3 !important;}<\/style><div class=\"accordian fusion-accordian\"><div class=\"panel-group fusion-toggle-icon-right fusion-toggle-icon-unboxed\" id=\"accordion-8842-2\"><div class=\"fusion-panel panel-default fusion-toggle-no-divider fusion-toggle-boxed-mode\"><div class=\"panel-heading\"><h4 class=\"panel-title toggle\"><a aria-expanded=\"false\" aria-controls=\"c7e0aa18c33f1543d\" role=\"button\" data-toggle=\"collapse\" data-parent=\"#accordion-8842-2\" data-target=\"#c7e0aa18c33f1543d\" href=\"#c7e0aa18c33f1543d\"><span class=\"fusion-toggle-icon-wrapper\" aria-hidden=\"true\"><i class=\"fa-fusion-box\" aria-hidden=\"true\"><\/i><\/span><span class=\"fusion-toggle-heading\">Documentacion T\u00e9cnica<\/span><\/a><\/h4><\/div><div id=\"c7e0aa18c33f1543d\" class=\"panel-collapse collapse \"><div class=\"panel-body toggle-content fusion-clearfix\">\n<p>METODOLOG\u00cdA PROCESO DE TRANSICI\u00d3N <a href=\"https:\/\/portal.segeplan.gob.gt\/segeplan\/wp-content\/uploads\/2024\/01\/METODOLOGIA-PROCESO-DE-TRANSICION-2023-2024_IMPRESO.pdf\">descargar<\/a><\/p>\n<p>FUNDACI\u00d3N, HISTORIA Y LOGROS DE LA SECRETAR\u00cdA DE PLANIFICACI\u00d3N\u00a0 Y PROGRAMACI\u00d3N DE LA PRESIDENCIA <a href=\"https:\/\/portal.segeplan.gob.gt\/segeplan\/wp-content\/uploads\/2024\/01\/FUNDACION-HISTORIA-Y-LOGROS-SEGEPLAN-IMPRESO.pdf\">descargar<\/a><\/p>\n<\/div><\/div><\/div><\/div><\/div><\/div><style type=\"text\/css\">.fusion-body .fusion-builder-column-1{width:50% !important;margin-top : 0px;margin-bottom : 20px;}.fusion-builder-column-1 > .fusion-column-wrapper {padding-top : 0px !important;padding-right : 0px !important;margin-right : 3.84%;padding-bottom : 0px !important;padding-left : 0px !important;margin-left : 3.84%;}@media only screen and (max-width:1024px) {.fusion-body .fusion-builder-column-1{width:100% !important;order : 0;}.fusion-builder-column-1 > .fusion-column-wrapper {margin-right : 1.92%;margin-left : 1.92%;}}@media only screen and (max-width:640px) {.fusion-body .fusion-builder-column-1{width:100% !important;order : 0;}.fusion-builder-column-1 > .fusion-column-wrapper {margin-right : 1.92%;margin-left : 1.92%;}}<\/style><\/div><\/div><style type=\"text\/css\">.fusion-body .fusion-flex-container.fusion-builder-row-1{ padding-top : 0px;margin-top : 0px;padding-right : 0px;padding-bottom : 0px;margin-bottom : 0px;padding-left : 0px;}<\/style><\/div>\n","protected":false},"excerpt":{"rendered":"","protected":false},"author":1,"featured_media":0,"parent":0,"menu_order":0,"comment_status":"closed","ping_status":"closed","template":"","meta":{"_price":"","_stock":"","_tribe_ticket_header":"","_tribe_default_ticket_provider":"","_ticket_start_date":"","_ticket_end_date":"","_tribe_ticket_show_description":"","_tribe_ticket_show_not_going":false,"_tribe_ticket_use_global_stock":"","_tribe_ticket_global_stock_level":"","_global_stock_mode":"","_global_stock_cap":"","_tribe_rsvp_for_event":"","_tribe_ticket_going_count":"","_tribe_ticket_not_going_count":"","_tribe_tickets_list":"[]","_tribe_ticket_has_attendee_info_fields":false,"footnotes":"","_tec_slr_enabled":"","_tec_slr_layout":""},"class_list":["post-8842","page","type-page","status-publish","hentry"],"ticketed":false,"_links":{"self":[{"href":"https:\/\/portal.segeplan.gob.gt\/segeplan\/index.php?rest_route=\/wp\/v2\/pages\/8842","targetHints":{"allow":["GET"]}}],"collection":[{"href":"https:\/\/portal.segeplan.gob.gt\/segeplan\/index.php?rest_route=\/wp\/v2\/pages"}],"about":[{"href":"https:\/\/portal.segeplan.gob.gt\/segeplan\/index.php?rest_route=\/wp\/v2\/types\/page"}],"author":[{"embeddable":true,"href":"https:\/\/portal.segeplan.gob.gt\/segeplan\/index.php?rest_route=\/wp\/v2\/users\/1"}],"replies":[{"embeddable":true,"href":"https:\/\/portal.segeplan.gob.gt\/segeplan\/index.php?rest_route=%2Fwp%2Fv2%2Fcomments&post=8842"}],"version-history":[{"count":10,"href":"https:\/\/portal.segeplan.gob.gt\/segeplan\/index.php?rest_route=\/wp\/v2\/pages\/8842\/revisions"}],"predecessor-version":[{"id":14621,"href":"https:\/\/portal.segeplan.gob.gt\/segeplan\/index.php?rest_route=\/wp\/v2\/pages\/8842\/revisions\/14621"}],"wp:attachment":[{"href":"https:\/\/portal.segeplan.gob.gt\/segeplan\/index.php?rest_route=%2Fwp%2Fv2%2Fmedia&parent=8842"}],"curies":[{"name":"wp","href":"https:\/\/api.w.org\/{rel}","templated":true}]}}